{"id":114,"date":"2020-05-12T14:24:45","date_gmt":"2020-05-12T11:24:45","guid":{"rendered":"https:\/\/whm18.louhi.net\/~kungsser\/?page_id=114"},"modified":"2022-09-20T08:17:03","modified_gmt":"2022-09-20T05:17:03","slug":"foretaget","status":"publish","type":"page","link":"https:\/\/www.kungsservice.fi\/sv_SE\/tietoa-meista\/foretaget\/","title":{"rendered":"F\u00d6RETAGET"},"content":{"rendered":"<h2>Helt\u00e4ckande service<\/h2>\n<p>Kungs Service finns i Peders\u00f6re och v\u00e5rt arbetsf\u00e4lt str\u00e4cker sig fr\u00e5n Vasa i s\u00f6der till Karleby i norr. Vi erbjuder tj\u00e4nster till privatpersoner, bostadsbolag, f\u00f6retag och kommuner.<\/p>\n<p>V\u00e5r personal har l\u00e5ng erfarenhet inom branschen. Inget uppdrag \u00e4r f\u00f6r stort \u2013 eller f\u00f6r litet.<\/p>\n<p>Vi jobbar g\u00e4rna med helheter. Har du till exempel ett stort tr\u00e4d som ska tas bort? Vi ser till att tr\u00e4det f\u00e4lls, st\u00e4dar upp alla kvistar och allt skr\u00e4p, avl\u00e4gsnar stubben och \u00e5terst\u00e4ller omr\u00e5det enligt ditt \u00f6nskem\u00e5l. Vi kan samtidigt plantera ett nytt tr\u00e4d, anl\u00e4gga nytt gr\u00e4s, eller fixa asfalteringen. Samma sak med tr\u00e4dg\u00e5rdar eller gr\u00f6nomr\u00e5den \u2013 vi kan ta hand om allt fr\u00e5n planering till anl\u00e4ggning och underh\u00e5ll.<\/p>\n<p>I v\u00e5r maskinpark finns utrustning f\u00f6r det mesta inom fastighetssk\u00f6tsel, gr\u00f6nomr\u00e5den och tr\u00e4dg\u00e5rd. Milj\u00f6n \u00e4r viktig f\u00f6r oss. V\u00e5ra maskiner och metoder \u00e4r skonsamma, och vi \u00e5tervinner eller komposterar allt \u00f6verfl\u00f6digt material.<\/p>\n<p>Kungs Service finns i dag i Edsev\u00f6, alldeles intill K\u00e5llbyv\u00e4gen. F\u00f6retaget leds av vd Fredrik Kung och har 9 heltidsanst\u00e4llda plus 10\u201315 s\u00e4songsanst\u00e4llda.<\/p>\n<p><img decoding=\"async\" loading=\"lazy\" src=\"https:\/\/www.kungsservice.fi\/wp-content\/uploads\/2020\/05\/startsida.jpg\" alt=\"\" width=\"800\" height=\"533\" class=\"aligncenter size-full wp-image-186\" srcset=\"https:\/\/www.kungsservice.fi\/wp-content\/uploads\/2020\/05\/startsida.jpg 800w, https:\/\/www.kungsservice.fi\/wp-content\/uploads\/2020\/05\/startsida-300x200.jpg 300w, https:\/\/www.kungsservice.fi\/wp-content\/uploads\/2020\/05\/startsida-768x512.jpg 768w\" sizes=\"(max-width: 800px) 100vw, 800px\" \/><br \/>\n<img decoding=\"async\" loading=\"lazy\" src=\"https:\/\/www.kungsservice.fi\/wp-content\/uploads\/2022\/02\/20211120_134953-1024x768.jpg\" alt=\"\" width=\"800\" height=\"500\" class=\"aligncenter size-large wp-image-978\" \/><\/p>\n","protected":false},"excerpt":{"rendered":"<h2>Helt\u00e4ckande service<\/h2>\n<p>Kungs Service finns i Peders\u00f6re och v\u00e5rt arbetsf\u00e4lt str\u00e4cker sig fr\u00e5n Vasa i s\u00f6der till Karleby i norr. Vi erbjuder tj\u00e4nster till privatpersoner, bostadsbolag, f\u00f6retag och kommuner.<\/p>\n<p>V\u00e5r personal har l\u00e5ng erfarenhet &#8230;<\/p>\n","protected":false},"author":1,"featured_media":0,"parent":659,"menu_order":17,"comment_status":"closed","ping_status":"closed","template":"","meta":[],"yoast_head":"<!-- This site is optimized with the Yoast SEO plugin v19.9 - https:\/\/yoast.com\/wordpress\/plugins\/seo\/ -->\n<title>F\u00d6RETAGET -<\/title>\n<meta name=\"robots\" content=\"index, follow, max-snippet:-1, max-image-preview:large, max-video-preview:-1\" \/>\n<link rel=\"canonical\" href=\"https:\/\/www.kungsservice.fi\/tietoa-meista\/foretaget\/\" \/>\n<meta property=\"og:locale\" content=\"sv_SE\" \/>\n<meta property=\"og:type\" content=\"article\" \/>\n<meta property=\"og:title\" content=\"F\u00d6RETAGET -\" \/>\n<meta property=\"og:description\" content=\"Helt\u00e4ckande service  Kungs Service finns i Peders\u00f6re och v\u00e5rt arbetsf\u00e4lt str\u00e4cker sig fr\u00e5n Vasa i s\u00f6der till Karleby i norr. Vi erbjuder tj\u00e4nster till privatpersoner, bostadsbolag, f\u00f6retag och kommuner.  V\u00e5r personal har l\u00e5ng erfarenhet ...\" \/>\n<meta property=\"og:url\" content=\"https:\/\/www.kungsservice.fi\/tietoa-meista\/foretaget\/\" \/>\n<meta property=\"article:publisher\" content=\"https:\/\/www.facebook.com\/kungsservice\" \/>\n<meta property=\"article:modified_time\" content=\"2022-09-20T05:17:03+00:00\" \/>\n<meta property=\"og:image\" content=\"https:\/\/www.kungsservice.fi\/wp-content\/uploads\/2020\/05\/startsida.jpg\" \/>\n<meta name=\"twitter:card\" content=\"summary_large_image\" \/>\n<meta name=\"twitter:label1\" content=\"Ber\u00e4knad l\u00e4stid\" \/>\n\t<meta name=\"twitter:data1\" content=\"1 minut\" \/>\n<script type=\"application\/ld+json\" class=\"yoast-schema-graph\">{\"@context\":\"https:\/\/schema.org\",\"@graph\":[{\"@type\":\"WebPage\",\"@id\":\"https:\/\/www.kungsservice.fi\/tietoa-meista\/foretaget\/\",\"url\":\"https:\/\/www.kungsservice.fi\/tietoa-meista\/foretaget\/\",\"name\":\"F\u00d6RETAGET -\",\"isPartOf\":{\"@id\":\"https:\/\/www.kungsservice.fi\/sv_SE\/#website\"},\"datePublished\":\"2020-05-12T11:24:45+00:00\",\"dateModified\":\"2022-09-20T05:17:03+00:00\",\"breadcrumb\":{\"@id\":\"https:\/\/www.kungsservice.fi\/tietoa-meista\/foretaget\/#breadcrumb\"},\"inLanguage\":\"sv-SE\",\"potentialAction\":[{\"@type\":\"ReadAction\",\"target\":[\"https:\/\/www.kungsservice.fi\/tietoa-meista\/foretaget\/\"]}]},{\"@type\":\"BreadcrumbList\",\"@id\":\"https:\/\/www.kungsservice.fi\/tietoa-meista\/foretaget\/#breadcrumb\",\"itemListElement\":[{\"@type\":\"ListItem\",\"position\":1,\"name\":\"Home\",\"item\":\"https:\/\/www.kungsservice.fi\/\"},{\"@type\":\"ListItem\",\"position\":2,\"name\":\"Om oss\",\"item\":\"https:\/\/www.kungsservice.fi\/tietoa-meista\/\"},{\"@type\":\"ListItem\",\"position\":3,\"name\":\"F\u00d6RETAGET\"}]},{\"@type\":\"WebSite\",\"@id\":\"https:\/\/www.kungsservice.fi\/sv_SE\/#website\",\"url\":\"https:\/\/www.kungsservice.fi\/sv_SE\/\",\"name\":\"\",\"description\":\"\",\"publisher\":{\"@id\":\"https:\/\/www.kungsservice.fi\/sv_SE\/#organization\"},\"potentialAction\":[{\"@type\":\"SearchAction\",\"target\":{\"@type\":\"EntryPoint\",\"urlTemplate\":\"https:\/\/www.kungsservice.fi\/sv_SE\/?s={search_term_string}\"},\"query-input\":\"required name=search_term_string\"}],\"inLanguage\":\"sv-SE\"},{\"@type\":\"Organization\",\"@id\":\"https:\/\/www.kungsservice.fi\/sv_SE\/#organization\",\"name\":\"Kungs Service\",\"url\":\"https:\/\/www.kungsservice.fi\/sv_SE\/\",\"logo\":{\"@type\":\"ImageObject\",\"inLanguage\":\"sv-SE\",\"@id\":\"https:\/\/www.kungsservice.fi\/sv_SE\/#\/schema\/logo\/image\/\",\"url\":\"https:\/\/www.kungsservice.fi\/wp-content\/uploads\/2021\/03\/cropped-kungs-logo-gr\u00e5-2-3.png\",\"contentUrl\":\"https:\/\/www.kungsservice.fi\/wp-content\/uploads\/2021\/03\/cropped-kungs-logo-gr\u00e5-2-3.png\",\"width\":240,\"height\":134,\"caption\":\"Kungs Service\"},\"image\":{\"@id\":\"https:\/\/www.kungsservice.fi\/sv_SE\/#\/schema\/logo\/image\/\"},\"sameAs\":[\"https:\/\/www.facebook.com\/kungsservice\"]}]}<\/script>\n<!-- \/ Yoast SEO plugin. -->","yoast_head_json":{"title":"F\u00d6RETAGET -","robots":{"index":"index","follow":"follow","max-snippet":"max-snippet:-1","max-image-preview":"max-image-preview:large","max-video-preview":"max-video-preview:-1"},"canonical":"https:\/\/www.kungsservice.fi\/tietoa-meista\/foretaget\/","og_locale":"sv_SE","og_type":"article","og_title":"F\u00d6RETAGET -","og_description":"Helt\u00e4ckande service  Kungs Service finns i Peders\u00f6re och v\u00e5rt arbetsf\u00e4lt str\u00e4cker sig fr\u00e5n Vasa i s\u00f6der till Karleby i norr. Vi erbjuder tj\u00e4nster till privatpersoner, bostadsbolag, f\u00f6retag och kommuner.  V\u00e5r personal har l\u00e5ng erfarenhet ...","og_url":"https:\/\/www.kungsservice.fi\/tietoa-meista\/foretaget\/","article_publisher":"https:\/\/www.facebook.com\/kungsservice","article_modified_time":"2022-09-20T05:17:03+00:00","og_image":[{"url":"https:\/\/www.kungsservice.fi\/wp-content\/uploads\/2020\/05\/startsida.jpg"}],"twitter_card":"summary_large_image","twitter_misc":{"Ber\u00e4knad l\u00e4stid":"1 minut"},"schema":{"@context":"https:\/\/schema.org","@graph":[{"@type":"WebPage","@id":"https:\/\/www.kungsservice.fi\/tietoa-meista\/foretaget\/","url":"https:\/\/www.kungsservice.fi\/tietoa-meista\/foretaget\/","name":"F\u00d6RETAGET -","isPartOf":{"@id":"https:\/\/www.kungsservice.fi\/sv_SE\/#website"},"datePublished":"2020-05-12T11:24:45+00:00","dateModified":"2022-09-20T05:17:03+00:00","breadcrumb":{"@id":"https:\/\/www.kungsservice.fi\/tietoa-meista\/foretaget\/#breadcrumb"},"inLanguage":"sv-SE","potentialAction":[{"@type":"ReadAction","target":["https:\/\/www.kungsservice.fi\/tietoa-meista\/foretaget\/"]}]},{"@type":"BreadcrumbList","@id":"https:\/\/www.kungsservice.fi\/tietoa-meista\/foretaget\/#breadcrumb","itemListElement":[{"@type":"ListItem","position":1,"name":"Home","item":"https:\/\/www.kungsservice.fi\/"},{"@type":"ListItem","position":2,"name":"Om oss","item":"https:\/\/www.kungsservice.fi\/tietoa-meista\/"},{"@type":"ListItem","position":3,"name":"F\u00d6RETAGET"}]},{"@type":"WebSite","@id":"https:\/\/www.kungsservice.fi\/sv_SE\/#website","url":"https:\/\/www.kungsservice.fi\/sv_SE\/","name":"","description":"","publisher":{"@id":"https:\/\/www.kungsservice.fi\/sv_SE\/#organization"},"potentialAction":[{"@type":"SearchAction","target":{"@type":"EntryPoint","urlTemplate":"https:\/\/www.kungsservice.fi\/sv_SE\/?s={search_term_string}"},"query-input":"required name=search_term_string"}],"inLanguage":"sv-SE"},{"@type":"Organization","@id":"https:\/\/www.kungsservice.fi\/sv_SE\/#organization","name":"Kungs Service","url":"https:\/\/www.kungsservice.fi\/sv_SE\/","logo":{"@type":"ImageObject","inLanguage":"sv-SE","@id":"https:\/\/www.kungsservice.fi\/sv_SE\/#\/schema\/logo\/image\/","url":"https:\/\/www.kungsservice.fi\/wp-content\/uploads\/2021\/03\/cropped-kungs-logo-gr\u00e5-2-3.png","contentUrl":"https:\/\/www.kungsservice.fi\/wp-content\/uploads\/2021\/03\/cropped-kungs-logo-gr\u00e5-2-3.png","width":240,"height":134,"caption":"Kungs Service"},"image":{"@id":"https:\/\/www.kungsservice.fi\/sv_SE\/#\/schema\/logo\/image\/"},"sameAs":["https:\/\/www.facebook.com\/kungsservice"]}]}},"_links":{"self":[{"href":"https:\/\/www.kungsservice.fi\/sv_SE\/wp-json\/wp\/v2\/pages\/114"}],"collection":[{"href":"https:\/\/www.kungsservice.fi\/sv_SE\/wp-json\/wp\/v2\/pages"}],"about":[{"href":"https:\/\/www.kungsservice.fi\/sv_SE\/wp-json\/wp\/v2\/types\/page"}],"author":[{"embeddable":true,"href":"https:\/\/www.kungsservice.fi\/sv_SE\/wp-json\/wp\/v2\/users\/1"}],"replies":[{"embeddable":true,"href":"https:\/\/www.kungsservice.fi\/sv_SE\/wp-json\/wp\/v2\/comments?post=114"}],"version-history":[{"count":34,"href":"https:\/\/www.kungsservice.fi\/sv_SE\/wp-json\/wp\/v2\/pages\/114\/revisions"}],"predecessor-version":[{"id":629,"href":"https:\/\/www.kungsservice.fi\/sv_SE\/wp-json\/wp\/v2\/pages\/114\/revisions\/629"}],"up":[{"embeddable":true,"href":"https:\/\/www.kungsservice.fi\/sv_SE\/wp-json\/wp\/v2\/pages\/659"}],"wp:attachment":[{"href":"https:\/\/www.kungsservice.fi\/sv_SE\/wp-json\/wp\/v2\/media?parent=114"}],"curies":[{"name":"wp","href":"https:\/\/api.w.org\/{rel}","templated":true}]}}