{"id":1174,"date":"2025-03-05T11:13:28","date_gmt":"2025-03-05T09:13:28","guid":{"rendered":"https:\/\/www.kungsservice.fi\/?page_id=1174"},"modified":"2025-03-05T11:28:45","modified_gmt":"2025-03-05T09:28:45","slug":"kom-och-jobba-i-vart-team","status":"publish","type":"page","link":"https:\/\/www.kungsservice.fi\/sv_SE\/kom-och-jobba-i-vart-team\/","title":{"rendered":"Kom och jobba i v\u00e5rt team!"},"content":{"rendered":"<h2>Kom och jobba i v\u00e5rt team!<\/h2>\n<p>\u00c4r du en flexibel och nyfiken person som gillar att utvecklas?<br \/>\nGillar du att jobba med olika servicearbeten inom tr\u00e4dg\u00e5rds- och gr\u00f6nytev\u00e5rd?<br \/>\nHar du erfarenhet eller vill l\u00e4ra dig mera om olika anl\u00e4ggningsarbeten?<br \/>\nHar du erfarenhet och \u00e4r intresserad av olika maskinarbeten men \u00e4nd\u00e5 van att ta i med h\u00e4nderna?<\/p>\n<p>Kunde v\u00e5rt f\u00f6retag vara din framtida arbetsplats? <\/p>\n<p>Vi rekryterar \u00e4ven \u00e5rligen 10-15 st sommar- och s\u00e4songsarbetare inom gr\u00e4ssk\u00f6tsel och \u00f6vrigt tr\u00e4dg\u00e5rdsarbete.<\/p>\n<p>Vi ser framemot att f\u00e5 h\u00f6ra fr\u00e5n dig!<br \/>\nTel: 06 7810140<br \/>\ne-post: info(at)kungsservice.fi<\/p>\n","protected":false},"excerpt":{"rendered":"<h2>Kom och jobba i v\u00e5rt team!<\/h2>\n<p>\u00c4r du en flexibel och nyfiken person som gillar att utvecklas?<br \/>\nGillar du att jobba med olika servicearbeten inom tr\u00e4dg\u00e5rds- och gr\u00f6nytev\u00e5rd?<br \/>\nHar du erfarenhet eller vill l\u00e4ra dig mera om olika anl\u00e4ggningsarbeten&#8230;<\/p>\n","protected":false},"author":1,"featured_media":0,"parent":0,"menu_order":0,"comment_status":"closed","ping_status":"closed","template":"","meta":[],"yoast_head":"<!-- This site is optimized with the Yoast SEO plugin v19.9 - https:\/\/yoast.com\/wordpress\/plugins\/seo\/ -->\n<title>Kom och jobba i v\u00e5rt team! -<\/title>\n<meta name=\"robots\" content=\"index, follow, max-snippet:-1, max-image-preview:large, max-video-preview:-1\" \/>\n<link rel=\"canonical\" href=\"https:\/\/www.kungsservice.fi\/kom-och-jobba-i-vart-team\/\" \/>\n<meta property=\"og:locale\" content=\"sv_SE\" \/>\n<meta property=\"og:type\" content=\"article\" \/>\n<meta property=\"og:title\" content=\"Kom och jobba i v\u00e5rt team! -\" \/>\n<meta property=\"og:description\" content=\"Kom och jobba i v\u00e5rt team! \u00c4r du en flexibel och nyfiken person som gillar att utvecklas? Gillar du att jobba med olika servicearbeten inom tr\u00e4dg\u00e5rds- och gr\u00f6nytev\u00e5rd? Har du erfarenhet eller vill l\u00e4ra dig mera om olika anl\u00e4ggningsarbeten...\" \/>\n<meta property=\"og:url\" content=\"https:\/\/www.kungsservice.fi\/kom-och-jobba-i-vart-team\/\" \/>\n<meta property=\"article:publisher\" content=\"https:\/\/www.facebook.com\/kungsservice\" \/>\n<meta property=\"article:modified_time\" content=\"2025-03-05T09:28:45+00:00\" \/>\n<meta name=\"twitter:card\" content=\"summary_large_image\" \/>\n<meta name=\"twitter:label1\" content=\"Ber\u00e4knad l\u00e4stid\" \/>\n\t<meta name=\"twitter:data1\" content=\"1 minut\" \/>\n<script type=\"application\/ld+json\" class=\"yoast-schema-graph\">{\"@context\":\"https:\/\/schema.org\",\"@graph\":[{\"@type\":\"WebPage\",\"@id\":\"https:\/\/www.kungsservice.fi\/kom-och-jobba-i-vart-team\/\",\"url\":\"https:\/\/www.kungsservice.fi\/kom-och-jobba-i-vart-team\/\",\"name\":\"Kom och jobba i v\u00e5rt team! -\",\"isPartOf\":{\"@id\":\"https:\/\/www.kungsservice.fi\/sv_SE\/#website\"},\"datePublished\":\"2025-03-05T09:13:28+00:00\",\"dateModified\":\"2025-03-05T09:28:45+00:00\",\"breadcrumb\":{\"@id\":\"https:\/\/www.kungsservice.fi\/kom-och-jobba-i-vart-team\/#breadcrumb\"},\"inLanguage\":\"sv-SE\",\"potentialAction\":[{\"@type\":\"ReadAction\",\"target\":[\"https:\/\/www.kungsservice.fi\/kom-och-jobba-i-vart-team\/\"]}]},{\"@type\":\"BreadcrumbList\",\"@id\":\"https:\/\/www.kungsservice.fi\/kom-och-jobba-i-vart-team\/#breadcrumb\",\"itemListElement\":[{\"@type\":\"ListItem\",\"position\":1,\"name\":\"Home\",\"item\":\"https:\/\/www.kungsservice.fi\/\"},{\"@type\":\"ListItem\",\"position\":2,\"name\":\"Tule ty\u00f6skentelem\u00e4\u00e4n kanssamme!\"}]},{\"@type\":\"WebSite\",\"@id\":\"https:\/\/www.kungsservice.fi\/sv_SE\/#website\",\"url\":\"https:\/\/www.kungsservice.fi\/sv_SE\/\",\"name\":\"\",\"description\":\"\",\"publisher\":{\"@id\":\"https:\/\/www.kungsservice.fi\/sv_SE\/#organization\"},\"potentialAction\":[{\"@type\":\"SearchAction\",\"target\":{\"@type\":\"EntryPoint\",\"urlTemplate\":\"https:\/\/www.kungsservice.fi\/sv_SE\/?s={search_term_string}\"},\"query-input\":\"required name=search_term_string\"}],\"inLanguage\":\"sv-SE\"},{\"@type\":\"Organization\",\"@id\":\"https:\/\/www.kungsservice.fi\/sv_SE\/#organization\",\"name\":\"Kungs Service\",\"url\":\"https:\/\/www.kungsservice.fi\/sv_SE\/\",\"logo\":{\"@type\":\"ImageObject\",\"inLanguage\":\"sv-SE\",\"@id\":\"https:\/\/www.kungsservice.fi\/sv_SE\/#\/schema\/logo\/image\/\",\"url\":\"https:\/\/www.kungsservice.fi\/wp-content\/uploads\/2021\/03\/cropped-kungs-logo-gr\u00e5-2-3.png\",\"contentUrl\":\"https:\/\/www.kungsservice.fi\/wp-content\/uploads\/2021\/03\/cropped-kungs-logo-gr\u00e5-2-3.png\",\"width\":240,\"height\":134,\"caption\":\"Kungs Service\"},\"image\":{\"@id\":\"https:\/\/www.kungsservice.fi\/sv_SE\/#\/schema\/logo\/image\/\"},\"sameAs\":[\"https:\/\/www.facebook.com\/kungsservice\"]}]}<\/script>\n<!-- \/ Yoast SEO plugin. -->","yoast_head_json":{"title":"Kom och jobba i v\u00e5rt team! -","robots":{"index":"index","follow":"follow","max-snippet":"max-snippet:-1","max-image-preview":"max-image-preview:large","max-video-preview":"max-video-preview:-1"},"canonical":"https:\/\/www.kungsservice.fi\/kom-och-jobba-i-vart-team\/","og_locale":"sv_SE","og_type":"article","og_title":"Kom och jobba i v\u00e5rt team! -","og_description":"Kom och jobba i v\u00e5rt team! \u00c4r du en flexibel och nyfiken person som gillar att utvecklas? Gillar du att jobba med olika servicearbeten inom tr\u00e4dg\u00e5rds- och gr\u00f6nytev\u00e5rd? Har du erfarenhet eller vill l\u00e4ra dig mera om olika anl\u00e4ggningsarbeten...","og_url":"https:\/\/www.kungsservice.fi\/kom-och-jobba-i-vart-team\/","article_publisher":"https:\/\/www.facebook.com\/kungsservice","article_modified_time":"2025-03-05T09:28:45+00:00","twitter_card":"summary_large_image","twitter_misc":{"Ber\u00e4knad l\u00e4stid":"1 minut"},"schema":{"@context":"https:\/\/schema.org","@graph":[{"@type":"WebPage","@id":"https:\/\/www.kungsservice.fi\/kom-och-jobba-i-vart-team\/","url":"https:\/\/www.kungsservice.fi\/kom-och-jobba-i-vart-team\/","name":"Kom och jobba i v\u00e5rt team! -","isPartOf":{"@id":"https:\/\/www.kungsservice.fi\/sv_SE\/#website"},"datePublished":"2025-03-05T09:13:28+00:00","dateModified":"2025-03-05T09:28:45+00:00","breadcrumb":{"@id":"https:\/\/www.kungsservice.fi\/kom-och-jobba-i-vart-team\/#breadcrumb"},"inLanguage":"sv-SE","potentialAction":[{"@type":"ReadAction","target":["https:\/\/www.kungsservice.fi\/kom-och-jobba-i-vart-team\/"]}]},{"@type":"BreadcrumbList","@id":"https:\/\/www.kungsservice.fi\/kom-och-jobba-i-vart-team\/#breadcrumb","itemListElement":[{"@type":"ListItem","position":1,"name":"Home","item":"https:\/\/www.kungsservice.fi\/"},{"@type":"ListItem","position":2,"name":"Tule ty\u00f6skentelem\u00e4\u00e4n kanssamme!"}]},{"@type":"WebSite","@id":"https:\/\/www.kungsservice.fi\/sv_SE\/#website","url":"https:\/\/www.kungsservice.fi\/sv_SE\/","name":"","description":"","publisher":{"@id":"https:\/\/www.kungsservice.fi\/sv_SE\/#organization"},"potentialAction":[{"@type":"SearchAction","target":{"@type":"EntryPoint","urlTemplate":"https:\/\/www.kungsservice.fi\/sv_SE\/?s={search_term_string}"},"query-input":"required name=search_term_string"}],"inLanguage":"sv-SE"},{"@type":"Organization","@id":"https:\/\/www.kungsservice.fi\/sv_SE\/#organization","name":"Kungs Service","url":"https:\/\/www.kungsservice.fi\/sv_SE\/","logo":{"@type":"ImageObject","inLanguage":"sv-SE","@id":"https:\/\/www.kungsservice.fi\/sv_SE\/#\/schema\/logo\/image\/","url":"https:\/\/www.kungsservice.fi\/wp-content\/uploads\/2021\/03\/cropped-kungs-logo-gr\u00e5-2-3.png","contentUrl":"https:\/\/www.kungsservice.fi\/wp-content\/uploads\/2021\/03\/cropped-kungs-logo-gr\u00e5-2-3.png","width":240,"height":134,"caption":"Kungs Service"},"image":{"@id":"https:\/\/www.kungsservice.fi\/sv_SE\/#\/schema\/logo\/image\/"},"sameAs":["https:\/\/www.facebook.com\/kungsservice"]}]}},"_links":{"self":[{"href":"https:\/\/www.kungsservice.fi\/sv_SE\/wp-json\/wp\/v2\/pages\/1174"}],"collection":[{"href":"https:\/\/www.kungsservice.fi\/sv_SE\/wp-json\/wp\/v2\/pages"}],"about":[{"href":"https:\/\/www.kungsservice.fi\/sv_SE\/wp-json\/wp\/v2\/types\/page"}],"author":[{"embeddable":true,"href":"https:\/\/www.kungsservice.fi\/sv_SE\/wp-json\/wp\/v2\/users\/1"}],"replies":[{"embeddable":true,"href":"https:\/\/www.kungsservice.fi\/sv_SE\/wp-json\/wp\/v2\/comments?post=1174"}],"version-history":[{"count":9,"href":"https:\/\/www.kungsservice.fi\/sv_SE\/wp-json\/wp\/v2\/pages\/1174\/revisions"}],"predecessor-version":[{"id":1204,"href":"https:\/\/www.kungsservice.fi\/sv_SE\/wp-json\/wp\/v2\/pages\/1174\/revisions\/1204"}],"wp:attachment":[{"href":"https:\/\/www.kungsservice.fi\/sv_SE\/wp-json\/wp\/v2\/media?parent=1174"}],"curies":[{"name":"wp","href":"https:\/\/api.w.org\/{rel}","templated":true}]}}