{"id":118,"date":"2020-05-12T14:25:23","date_gmt":"2020-05-12T11:25:23","guid":{"rendered":"https:\/\/whm18.louhi.net\/~kungsser\/?page_id=118"},"modified":"2025-03-05T11:19:51","modified_gmt":"2025-03-05T09:19:51","slug":"personal","status":"publish","type":"page","link":"https:\/\/www.kungsservice.fi\/sv_SE\/kontaktuppgifter\/personal\/","title":{"rendered":"Fr\u00e5ga offert"},"content":{"rendered":"<h2>Ta kontakt &#8211; Fr\u00e5ga offert<\/h2>\n<div role=\"form\" class=\"wpcf7\" id=\"wpcf7-f212-o1\" lang=\"en-GB\" dir=\"ltr\">\n<div class=\"screen-reader-response\"><p role=\"status\" aria-live=\"polite\" aria-atomic=\"true\"><\/p> <ul><\/ul><\/div>\n<form action=\"\/sv_SE\/wp-json\/wp\/v2\/pages\/118#wpcf7-f212-o1\" method=\"post\" class=\"wpcf7-form init\" novalidate=\"novalidate\" data-status=\"init\">\n<div style=\"display: none;\">\n<input type=\"hidden\" name=\"_wpcf7\" value=\"212\" \/>\n<input type=\"hidden\" name=\"_wpcf7_version\" value=\"5.6.4\" \/>\n<input type=\"hidden\" name=\"_wpcf7_locale\" value=\"en_GB\" \/>\n<input type=\"hidden\" name=\"_wpcf7_unit_tag\" value=\"wpcf7-f212-o1\" \/>\n<input type=\"hidden\" name=\"_wpcf7_container_post\" value=\"0\" \/>\n<input type=\"hidden\" name=\"_wpcf7_posted_data_hash\" value=\"\" \/>\n<\/div>\n<p><label> Namn - Nimi<br \/>\n    <span class=\"wpcf7-form-control-wrap\" data-name=\"your-name\"><input type=\"text\" name=\"your-name\" value=\"\" size=\"40\" class=\"wpcf7-form-control wpcf7-text wpcf7-validates-as-required\" aria-required=\"true\" aria-invalid=\"false\" \/><\/span> <\/label><\/p>\n<p><label> E-mailadress - S\u00e4hk\u00f6postiosoite<br \/>\n    <span class=\"wpcf7-form-control-wrap\" data-name=\"your-email\"><input type=\"email\" name=\"your-email\" value=\"\" size=\"40\" class=\"wpcf7-form-control wpcf7-text wpcf7-email wpcf7-validates-as-required wpcf7-validates-as-email\" aria-required=\"true\" aria-invalid=\"false\" \/><\/span> <\/label><\/p>\n<p><label> \u00c4mne - Aihe<br \/>\n    <span class=\"wpcf7-form-control-wrap\" data-name=\"your-subject\"><input type=\"text\" name=\"your-subject\" value=\"\" size=\"40\" class=\"wpcf7-form-control wpcf7-text\" aria-invalid=\"false\" \/><\/span> <\/label><\/p>\n<p><label> Ditt \u00e4rende & Telefonnummer - Viesti ja Puhelinnumero<br \/>\n    <span class=\"wpcf7-form-control-wrap\" data-name=\"your-message\"><textarea name=\"your-message\" cols=\"40\" rows=\"10\" class=\"wpcf7-form-control wpcf7-textarea\" aria-invalid=\"false\"><\/textarea><\/span> <\/label><\/p>\n<p><input type=\"submit\" value=\"S\u00e4nd - L\u00e4het\u00e4\" class=\"wpcf7-form-control has-spinner wpcf7-submit\" \/><\/p>\n<div class=\"wpcf7-response-output\" aria-hidden=\"true\"><\/div><\/form><\/div>\n","protected":false},"excerpt":{"rendered":"<h2>Ta kontakt &#8211; Fr\u00e5ga offert<\/h2>\n<p>[contact-form-7 id=\"212\" title=\"Contact form 1\"]<br \/>\n&#8230;<\/p>\n","protected":false},"author":1,"featured_media":0,"parent":31,"menu_order":16,"comment_status":"closed","ping_status":"closed","template":"","meta":[],"yoast_head":"<!-- This site is optimized with the Yoast SEO plugin v19.9 - https:\/\/yoast.com\/wordpress\/plugins\/seo\/ -->\n<title>Fr\u00e5ga offert -<\/title>\n<meta name=\"robots\" content=\"index, follow, max-snippet:-1, max-image-preview:large, max-video-preview:-1\" \/>\n<link rel=\"canonical\" href=\"https:\/\/www.kungsservice.fi\/kontaktuppgifter\/personal\/\" \/>\n<meta property=\"og:locale\" content=\"sv_SE\" \/>\n<meta property=\"og:type\" content=\"article\" \/>\n<meta property=\"og:title\" content=\"Fr\u00e5ga offert -\" \/>\n<meta property=\"og:description\" content=\"Ta kontakt - Fr\u00e5ga offert  ...\" \/>\n<meta property=\"og:url\" content=\"https:\/\/www.kungsservice.fi\/kontaktuppgifter\/personal\/\" \/>\n<meta property=\"article:publisher\" content=\"https:\/\/www.facebook.com\/kungsservice\" \/>\n<meta property=\"article:modified_time\" content=\"2025-03-05T09:19:51+00:00\" \/>\n<meta name=\"twitter:card\" content=\"summary_large_image\" \/>\n<meta name=\"twitter:label1\" content=\"Ber\u00e4knad l\u00e4stid\" \/>\n\t<meta name=\"twitter:data1\" content=\"1 minut\" \/>\n<script type=\"application\/ld+json\" class=\"yoast-schema-graph\">{\"@context\":\"https:\/\/schema.org\",\"@graph\":[{\"@type\":\"WebPage\",\"@id\":\"https:\/\/www.kungsservice.fi\/kontaktuppgifter\/personal\/\",\"url\":\"https:\/\/www.kungsservice.fi\/kontaktuppgifter\/personal\/\",\"name\":\"Fr\u00e5ga offert -\",\"isPartOf\":{\"@id\":\"https:\/\/www.kungsservice.fi\/sv_SE\/#website\"},\"datePublished\":\"2020-05-12T11:25:23+00:00\",\"dateModified\":\"2025-03-05T09:19:51+00:00\",\"breadcrumb\":{\"@id\":\"https:\/\/www.kungsservice.fi\/kontaktuppgifter\/personal\/#breadcrumb\"},\"inLanguage\":\"sv-SE\",\"potentialAction\":[{\"@type\":\"ReadAction\",\"target\":[\"https:\/\/www.kungsservice.fi\/kontaktuppgifter\/personal\/\"]}]},{\"@type\":\"BreadcrumbList\",\"@id\":\"https:\/\/www.kungsservice.fi\/kontaktuppgifter\/personal\/#breadcrumb\",\"itemListElement\":[{\"@type\":\"ListItem\",\"position\":1,\"name\":\"Home\",\"item\":\"https:\/\/www.kungsservice.fi\/\"},{\"@type\":\"ListItem\",\"position\":2,\"name\":\"Ta kontakt\",\"item\":\"https:\/\/www.kungsservice.fi\/kontaktuppgifter\/\"},{\"@type\":\"ListItem\",\"position\":3,\"name\":\"Fr\u00e5ga offert\"}]},{\"@type\":\"WebSite\",\"@id\":\"https:\/\/www.kungsservice.fi\/sv_SE\/#website\",\"url\":\"https:\/\/www.kungsservice.fi\/sv_SE\/\",\"name\":\"\",\"description\":\"\",\"publisher\":{\"@id\":\"https:\/\/www.kungsservice.fi\/sv_SE\/#organization\"},\"potentialAction\":[{\"@type\":\"SearchAction\",\"target\":{\"@type\":\"EntryPoint\",\"urlTemplate\":\"https:\/\/www.kungsservice.fi\/sv_SE\/?s={search_term_string}\"},\"query-input\":\"required name=search_term_string\"}],\"inLanguage\":\"sv-SE\"},{\"@type\":\"Organization\",\"@id\":\"https:\/\/www.kungsservice.fi\/sv_SE\/#organization\",\"name\":\"Kungs Service\",\"url\":\"https:\/\/www.kungsservice.fi\/sv_SE\/\",\"logo\":{\"@type\":\"ImageObject\",\"inLanguage\":\"sv-SE\",\"@id\":\"https:\/\/www.kungsservice.fi\/sv_SE\/#\/schema\/logo\/image\/\",\"url\":\"https:\/\/www.kungsservice.fi\/wp-content\/uploads\/2021\/03\/cropped-kungs-logo-gr\u00e5-2-3.png\",\"contentUrl\":\"https:\/\/www.kungsservice.fi\/wp-content\/uploads\/2021\/03\/cropped-kungs-logo-gr\u00e5-2-3.png\",\"width\":240,\"height\":134,\"caption\":\"Kungs Service\"},\"image\":{\"@id\":\"https:\/\/www.kungsservice.fi\/sv_SE\/#\/schema\/logo\/image\/\"},\"sameAs\":[\"https:\/\/www.facebook.com\/kungsservice\"]}]}<\/script>\n<!-- \/ Yoast SEO plugin. -->","yoast_head_json":{"title":"Fr\u00e5ga offert -","robots":{"index":"index","follow":"follow","max-snippet":"max-snippet:-1","max-image-preview":"max-image-preview:large","max-video-preview":"max-video-preview:-1"},"canonical":"https:\/\/www.kungsservice.fi\/kontaktuppgifter\/personal\/","og_locale":"sv_SE","og_type":"article","og_title":"Fr\u00e5ga offert -","og_description":"Ta kontakt - Fr\u00e5ga offert  ...","og_url":"https:\/\/www.kungsservice.fi\/kontaktuppgifter\/personal\/","article_publisher":"https:\/\/www.facebook.com\/kungsservice","article_modified_time":"2025-03-05T09:19:51+00:00","twitter_card":"summary_large_image","twitter_misc":{"Ber\u00e4knad l\u00e4stid":"1 minut"},"schema":{"@context":"https:\/\/schema.org","@graph":[{"@type":"WebPage","@id":"https:\/\/www.kungsservice.fi\/kontaktuppgifter\/personal\/","url":"https:\/\/www.kungsservice.fi\/kontaktuppgifter\/personal\/","name":"Fr\u00e5ga offert -","isPartOf":{"@id":"https:\/\/www.kungsservice.fi\/sv_SE\/#website"},"datePublished":"2020-05-12T11:25:23+00:00","dateModified":"2025-03-05T09:19:51+00:00","breadcrumb":{"@id":"https:\/\/www.kungsservice.fi\/kontaktuppgifter\/personal\/#breadcrumb"},"inLanguage":"sv-SE","potentialAction":[{"@type":"ReadAction","target":["https:\/\/www.kungsservice.fi\/kontaktuppgifter\/personal\/"]}]},{"@type":"BreadcrumbList","@id":"https:\/\/www.kungsservice.fi\/kontaktuppgifter\/personal\/#breadcrumb","itemListElement":[{"@type":"ListItem","position":1,"name":"Home","item":"https:\/\/www.kungsservice.fi\/"},{"@type":"ListItem","position":2,"name":"Ta kontakt","item":"https:\/\/www.kungsservice.fi\/kontaktuppgifter\/"},{"@type":"ListItem","position":3,"name":"Fr\u00e5ga offert"}]},{"@type":"WebSite","@id":"https:\/\/www.kungsservice.fi\/sv_SE\/#website","url":"https:\/\/www.kungsservice.fi\/sv_SE\/","name":"","description":"","publisher":{"@id":"https:\/\/www.kungsservice.fi\/sv_SE\/#organization"},"potentialAction":[{"@type":"SearchAction","target":{"@type":"EntryPoint","urlTemplate":"https:\/\/www.kungsservice.fi\/sv_SE\/?s={search_term_string}"},"query-input":"required name=search_term_string"}],"inLanguage":"sv-SE"},{"@type":"Organization","@id":"https:\/\/www.kungsservice.fi\/sv_SE\/#organization","name":"Kungs Service","url":"https:\/\/www.kungsservice.fi\/sv_SE\/","logo":{"@type":"ImageObject","inLanguage":"sv-SE","@id":"https:\/\/www.kungsservice.fi\/sv_SE\/#\/schema\/logo\/image\/","url":"https:\/\/www.kungsservice.fi\/wp-content\/uploads\/2021\/03\/cropped-kungs-logo-gr\u00e5-2-3.png","contentUrl":"https:\/\/www.kungsservice.fi\/wp-content\/uploads\/2021\/03\/cropped-kungs-logo-gr\u00e5-2-3.png","width":240,"height":134,"caption":"Kungs Service"},"image":{"@id":"https:\/\/www.kungsservice.fi\/sv_SE\/#\/schema\/logo\/image\/"},"sameAs":["https:\/\/www.facebook.com\/kungsservice"]}]}},"_links":{"self":[{"href":"https:\/\/www.kungsservice.fi\/sv_SE\/wp-json\/wp\/v2\/pages\/118"}],"collection":[{"href":"https:\/\/www.kungsservice.fi\/sv_SE\/wp-json\/wp\/v2\/pages"}],"about":[{"href":"https:\/\/www.kungsservice.fi\/sv_SE\/wp-json\/wp\/v2\/types\/page"}],"author":[{"embeddable":true,"href":"https:\/\/www.kungsservice.fi\/sv_SE\/wp-json\/wp\/v2\/users\/1"}],"replies":[{"embeddable":true,"href":"https:\/\/www.kungsservice.fi\/sv_SE\/wp-json\/wp\/v2\/comments?post=118"}],"version-history":[{"count":11,"href":"https:\/\/www.kungsservice.fi\/sv_SE\/wp-json\/wp\/v2\/pages\/118\/revisions"}],"predecessor-version":[{"id":1180,"href":"https:\/\/www.kungsservice.fi\/sv_SE\/wp-json\/wp\/v2\/pages\/118\/revisions\/1180"}],"up":[{"embeddable":true,"href":"https:\/\/www.kungsservice.fi\/sv_SE\/wp-json\/wp\/v2\/pages\/31"}],"wp:attachment":[{"href":"https:\/\/www.kungsservice.fi\/sv_SE\/wp-json\/wp\/v2\/media?parent=118"}],"curies":[{"name":"wp","href":"https:\/\/api.w.org\/{rel}","templated":true}]}}