{"id":121,"date":"2020-05-12T14:26:28","date_gmt":"2020-05-12T11:26:28","guid":{"rendered":"https:\/\/whm18.louhi.net\/~kungsser\/?page_id=121"},"modified":"2025-03-05T11:21:13","modified_gmt":"2025-03-05T09:21:13","slug":"tradvard","status":"publish","type":"page","link":"https:\/\/www.kungsservice.fi\/sv_SE\/palvelut\/tradvard\/","title":{"rendered":"Tr\u00e4dg\u00e5rd & anl\u00e4ggning"},"content":{"rendered":"<h2>Ta hand om din tr\u00e4dg\u00e5rd<\/h2>\n<p>Beh\u00f6ver ni hj\u00e4lp med anl\u00e4ggning eller sk\u00f6tseln i er tr\u00e4dg\u00e5rd? Vi har verktygen och den kunskap som beh\u00f6vs f\u00f6r att planera, anl\u00e4gga och sk\u00f6ta om era tr\u00e4dg\u00e5rdar och gr\u00e4smattor, Vi erbjuder tj\u00e4nster s\u00e5som anl\u00e4ggning, gr\u00e4sklippning, besk\u00e4rning av tr\u00e4d och buskar, klippning av h\u00e4ckar, gr\u00e4strimning och stens\u00e4ttningar. Inget uppdrag \u00e4r f\u00f6r stort, eller f\u00f6r litet. Vi installerar \u00e4ven robotgr\u00e4sklippare.<\/p>\n<p>R\u00e4cker tiden inte till? eller bor du p\u00e5 sommarstugan? Boka gr\u00e4sklippningen och tr\u00e4dg\u00e5rdssk\u00f6tseln av oss s\u00e5 har du en v\u00e4lv\u00e5rdad tr\u00e4dg\u00e5rd hela sommaren. Vi tar ocks\u00e5 hand om det klippta gr\u00e4set och komposterar det f\u00f6r \u00e5tervinning, allt f\u00f6r milj\u00f6ns skull. En V\u00e4lv\u00e5rdad tr\u00e4dg\u00e5rd minskar ocks\u00e5 risken f\u00f6r inbrott.<\/p>\n<p><img decoding=\"async\" loading=\"lazy\" src=\"https:\/\/www.kungsservice.fi\/wp-content\/uploads\/2020\/05\/NewFrame6-1024x213.jpg\" alt=\"\" width=\"400\" height=\"200\" class=\"aligncenter size-large wp-image-318\" \/><br \/>\n<img decoding=\"async\" loading=\"lazy\" src=\"https:\/\/www.kungsservice.fi\/wp-content\/uploads\/2020\/05\/WhatsApp-Image-2020-05-28-at-20.55.53-1024x768.jpeg\" alt=\"\" width=\"1024\" height=\"768\" class=\"aligncenter size-large wp-image-535\" srcset=\"https:\/\/www.kungsservice.fi\/wp-content\/uploads\/2020\/05\/WhatsApp-Image-2020-05-28-at-20.55.53-1024x768.jpeg 1024w, https:\/\/www.kungsservice.fi\/wp-content\/uploads\/2020\/05\/WhatsApp-Image-2020-05-28-at-20.55.53-300x225.jpeg 300w, https:\/\/www.kungsservice.fi\/wp-content\/uploads\/2020\/05\/WhatsApp-Image-2020-05-28-at-20.55.53-768x576.jpeg 768w, https:\/\/www.kungsservice.fi\/wp-content\/uploads\/2020\/05\/WhatsApp-Image-2020-05-28-at-20.55.53-1536x1152.jpeg 1536w, https:\/\/www.kungsservice.fi\/wp-content\/uploads\/2020\/05\/WhatsApp-Image-2020-05-28-at-20.55.53.jpeg 1600w\" sizes=\"(max-width: 1024px) 100vw, 1024px\" \/><\/p>\n<p><img decoding=\"async\" loading=\"lazy\" src=\"https:\/\/www.kungsservice.fi\/wp-content\/uploads\/2021\/10\/20210713_110257-1024x768.jpg\" alt=\"\" width=\"1024\" height=\"768\" class=\"aligncenter size-large wp-image-916\" srcset=\"https:\/\/www.kungsservice.fi\/wp-content\/uploads\/2021\/10\/20210713_110257-1024x768.jpg 1024w, https:\/\/www.kungsservice.fi\/wp-content\/uploads\/2021\/10\/20210713_110257-300x225.jpg 300w, https:\/\/www.kungsservice.fi\/wp-content\/uploads\/2021\/10\/20210713_110257-768x576.jpg 768w, https:\/\/www.kungsservice.fi\/wp-content\/uploads\/2021\/10\/20210713_110257-1536x1152.jpg 1536w, https:\/\/www.kungsservice.fi\/wp-content\/uploads\/2021\/10\/20210713_110257-2048x1536.jpg 2048w\" sizes=\"(max-width: 1024px) 100vw, 1024px\" \/><\/p>\n<p><img decoding=\"async\" loading=\"lazy\" src=\"https:\/\/www.kungsservice.fi\/wp-content\/uploads\/2021\/10\/IMG-20210720-WA0015-1024x768.jpg\" alt=\"\" width=\"1024\" height=\"768\" class=\"aligncenter size-large wp-image-903\" srcset=\"https:\/\/www.kungsservice.fi\/wp-content\/uploads\/2021\/10\/IMG-20210720-WA0015-1024x768.jpg 1024w, https:\/\/www.kungsservice.fi\/wp-content\/uploads\/2021\/10\/IMG-20210720-WA0015-300x225.jpg 300w, https:\/\/www.kungsservice.fi\/wp-content\/uploads\/2021\/10\/IMG-20210720-WA0015-768x576.jpg 768w, https:\/\/www.kungsservice.fi\/wp-content\/uploads\/2021\/10\/IMG-20210720-WA0015-1536x1152.jpg 1536w, https:\/\/www.kungsservice.fi\/wp-content\/uploads\/2021\/10\/IMG-20210720-WA0015.jpg 1600w\" sizes=\"(max-width: 1024px) 100vw, 1024px\" \/><\/p>\n<p><img decoding=\"async\" loading=\"lazy\" src=\"https:\/\/www.kungsservice.fi\/wp-content\/uploads\/2021\/10\/IMG-20210727-WA0009-1024x768.jpg\" alt=\"\" width=\"1024\" height=\"768\" class=\"aligncenter size-large wp-image-907\" srcset=\"https:\/\/www.kungsservice.fi\/wp-content\/uploads\/2021\/10\/IMG-20210727-WA0009-1024x768.jpg 1024w, https:\/\/www.kungsservice.fi\/wp-content\/uploads\/2021\/10\/IMG-20210727-WA0009-300x225.jpg 300w, https:\/\/www.kungsservice.fi\/wp-content\/uploads\/2021\/10\/IMG-20210727-WA0009-768x576.jpg 768w, https:\/\/www.kungsservice.fi\/wp-content\/uploads\/2021\/10\/IMG-20210727-WA0009-1536x1152.jpg 1536w, https:\/\/www.kungsservice.fi\/wp-content\/uploads\/2021\/10\/IMG-20210727-WA0009.jpg 2000w\" sizes=\"(max-width: 1024px) 100vw, 1024px\" \/><\/p>\n<p><img decoding=\"async\" loading=\"lazy\" src=\"https:\/\/www.kungsservice.fi\/wp-content\/uploads\/2020\/05\/WhatsApp-Image-2020-08-31-at-12.54.48-1024x768.jpeg\" alt=\"\" width=\"1024\" height=\"768\" class=\"aligncenter size-large wp-image-580\" srcset=\"https:\/\/www.kungsservice.fi\/wp-content\/uploads\/2020\/05\/WhatsApp-Image-2020-08-31-at-12.54.48-1024x768.jpeg 1024w, https:\/\/www.kungsservice.fi\/wp-content\/uploads\/2020\/05\/WhatsApp-Image-2020-08-31-at-12.54.48-300x225.jpeg 300w, https:\/\/www.kungsservice.fi\/wp-content\/uploads\/2020\/05\/WhatsApp-Image-2020-08-31-at-12.54.48-768x576.jpeg 768w, https:\/\/www.kungsservice.fi\/wp-content\/uploads\/2020\/05\/WhatsApp-Image-2020-08-31-at-12.54.48-1536x1153.jpeg 1536w, https:\/\/www.kungsservice.fi\/wp-content\/uploads\/2020\/05\/WhatsApp-Image-2020-08-31-at-12.54.48.jpeg 1599w\" sizes=\"(max-width: 1024px) 100vw, 1024px\" \/><\/p>\n<p><img decoding=\"async\" loading=\"lazy\" src=\"https:\/\/www.kungsservice.fi\/wp-content\/uploads\/2021\/10\/IMG-20210727-WA0010-1024x768.jpg\" alt=\"\" width=\"1024\" height=\"768\" class=\"aligncenter size-large wp-image-905\" srcset=\"https:\/\/www.kungsservice.fi\/wp-content\/uploads\/2021\/10\/IMG-20210727-WA0010-1024x768.jpg 1024w, https:\/\/www.kungsservice.fi\/wp-content\/uploads\/2021\/10\/IMG-20210727-WA0010-300x225.jpg 300w, https:\/\/www.kungsservice.fi\/wp-content\/uploads\/2021\/10\/IMG-20210727-WA0010-768x576.jpg 768w, https:\/\/www.kungsservice.fi\/wp-content\/uploads\/2021\/10\/IMG-20210727-WA0010-1536x1152.jpg 1536w, https:\/\/www.kungsservice.fi\/wp-content\/uploads\/2021\/10\/IMG-20210727-WA0010.jpg 2000w\" sizes=\"(max-width: 1024px) 100vw, 1024px\" \/><\/p>\n<p><img decoding=\"async\" loading=\"lazy\" src=\"https:\/\/www.kungsservice.fi\/wp-content\/uploads\/2021\/10\/IMG-20211001-WA0013-768x1024.jpg\" alt=\"\" width=\"768\" height=\"1024\" class=\"aligncenter size-large wp-image-904\" srcset=\"https:\/\/www.kungsservice.fi\/wp-content\/uploads\/2021\/10\/IMG-20211001-WA0013-768x1024.jpg 768w, https:\/\/www.kungsservice.fi\/wp-content\/uploads\/2021\/10\/IMG-20211001-WA0013-225x300.jpg 225w, https:\/\/www.kungsservice.fi\/wp-content\/uploads\/2021\/10\/IMG-20211001-WA0013-1152x1536.jpg 1152w, https:\/\/www.kungsservice.fi\/wp-content\/uploads\/2021\/10\/IMG-20211001-WA0013.jpg 1536w\" sizes=\"(max-width: 768px) 100vw, 768px\" \/><\/p>\n<p><img decoding=\"async\" loading=\"lazy\" src=\"https:\/\/www.kungsservice.fi\/wp-content\/uploads\/2021\/10\/IMG-20210616-WA0008-576x1024.jpg\" alt=\"\" width=\"576\" height=\"1024\" class=\"aligncenter size-large wp-image-902\" srcset=\"https:\/\/www.kungsservice.fi\/wp-content\/uploads\/2021\/10\/IMG-20210616-WA0008-576x1024.jpg 576w, https:\/\/www.kungsservice.fi\/wp-content\/uploads\/2021\/10\/IMG-20210616-WA0008-169x300.jpg 169w, https:\/\/www.kungsservice.fi\/wp-content\/uploads\/2021\/10\/IMG-20210616-WA0008-768x1365.jpg 768w, https:\/\/www.kungsservice.fi\/wp-content\/uploads\/2021\/10\/IMG-20210616-WA0008-864x1536.jpg 864w, https:\/\/www.kungsservice.fi\/wp-content\/uploads\/2021\/10\/IMG-20210616-WA0008.jpg 900w\" sizes=\"(max-width: 576px) 100vw, 576px\" \/><\/p>\n","protected":false},"excerpt":{"rendered":"<h2>Ta hand om din tr\u00e4dg\u00e5rd<\/h2>\n<p>Beh\u00f6ver ni hj\u00e4lp med anl\u00e4ggning eller sk\u00f6tseln i er tr\u00e4dg\u00e5rd? Vi har verktygen och den kunskap som beh\u00f6vs f\u00f6r att planera, anl\u00e4gga och sk\u00f6ta om era tr\u00e4dg\u00e5rdar och gr\u00e4smattor, Vi erbjuder tj\u00e4nster s\u00e5som anl\u00e4ggning, gr&#8230;<\/p>\n","protected":false},"author":1,"featured_media":0,"parent":654,"menu_order":7,"comment_status":"closed","ping_status":"closed","template":"","meta":[],"yoast_head":"<!-- This site is optimized with the Yoast SEO plugin v19.9 - https:\/\/yoast.com\/wordpress\/plugins\/seo\/ -->\n<title>Tr\u00e4dg\u00e5rd &amp; anl\u00e4ggning -<\/title>\n<meta name=\"robots\" content=\"index, follow, max-snippet:-1, max-image-preview:large, max-video-preview:-1\" \/>\n<link rel=\"canonical\" href=\"https:\/\/www.kungsservice.fi\/palvelut\/tradvard\/\" \/>\n<meta property=\"og:locale\" content=\"sv_SE\" \/>\n<meta property=\"og:type\" content=\"article\" \/>\n<meta property=\"og:title\" content=\"Tr\u00e4dg\u00e5rd &amp; anl\u00e4ggning -\" \/>\n<meta property=\"og:description\" content=\"Ta hand om din tr\u00e4dg\u00e5rd Beh\u00f6ver ni hj\u00e4lp med anl\u00e4ggning eller sk\u00f6tseln i er tr\u00e4dg\u00e5rd? Vi har verktygen och den kunskap som beh\u00f6vs f\u00f6r att planera, anl\u00e4gga och sk\u00f6ta om era tr\u00e4dg\u00e5rdar och gr\u00e4smattor, Vi erbjuder tj\u00e4nster s\u00e5som anl\u00e4ggning, gr...\" \/>\n<meta property=\"og:url\" content=\"https:\/\/www.kungsservice.fi\/palvelut\/tradvard\/\" \/>\n<meta property=\"article:publisher\" content=\"https:\/\/www.facebook.com\/kungsservice\" \/>\n<meta property=\"article:modified_time\" content=\"2025-03-05T09:21:13+00:00\" \/>\n<meta property=\"og:image\" content=\"https:\/\/www.kungsservice.fi\/wp-content\/uploads\/2020\/05\/NewFrame6-1024x213.jpg\" \/>\n<meta name=\"twitter:card\" content=\"summary_large_image\" \/>\n<meta name=\"twitter:label1\" content=\"Ber\u00e4knad l\u00e4stid\" \/>\n\t<meta name=\"twitter:data1\" content=\"3 minuter\" \/>\n<script type=\"application\/ld+json\" class=\"yoast-schema-graph\">{\"@context\":\"https:\/\/schema.org\",\"@graph\":[{\"@type\":\"WebPage\",\"@id\":\"https:\/\/www.kungsservice.fi\/palvelut\/tradvard\/\",\"url\":\"https:\/\/www.kungsservice.fi\/palvelut\/tradvard\/\",\"name\":\"Tr\u00e4dg\u00e5rd & anl\u00e4ggning -\",\"isPartOf\":{\"@id\":\"https:\/\/www.kungsservice.fi\/sv_SE\/#website\"},\"datePublished\":\"2020-05-12T11:26:28+00:00\",\"dateModified\":\"2025-03-05T09:21:13+00:00\",\"breadcrumb\":{\"@id\":\"https:\/\/www.kungsservice.fi\/palvelut\/tradvard\/#breadcrumb\"},\"inLanguage\":\"sv-SE\",\"potentialAction\":[{\"@type\":\"ReadAction\",\"target\":[\"https:\/\/www.kungsservice.fi\/palvelut\/tradvard\/\"]}]},{\"@type\":\"BreadcrumbList\",\"@id\":\"https:\/\/www.kungsservice.fi\/palvelut\/tradvard\/#breadcrumb\",\"itemListElement\":[{\"@type\":\"ListItem\",\"position\":1,\"name\":\"Home\",\"item\":\"https:\/\/www.kungsservice.fi\/\"},{\"@type\":\"ListItem\",\"position\":2,\"name\":\"Tj\u00e4nster\",\"item\":\"https:\/\/www.kungsservice.fi\/palvelut\/\"},{\"@type\":\"ListItem\",\"position\":3,\"name\":\"Puutarha\"}]},{\"@type\":\"WebSite\",\"@id\":\"https:\/\/www.kungsservice.fi\/sv_SE\/#website\",\"url\":\"https:\/\/www.kungsservice.fi\/sv_SE\/\",\"name\":\"\",\"description\":\"\",\"publisher\":{\"@id\":\"https:\/\/www.kungsservice.fi\/sv_SE\/#organization\"},\"potentialAction\":[{\"@type\":\"SearchAction\",\"target\":{\"@type\":\"EntryPoint\",\"urlTemplate\":\"https:\/\/www.kungsservice.fi\/sv_SE\/?s={search_term_string}\"},\"query-input\":\"required name=search_term_string\"}],\"inLanguage\":\"sv-SE\"},{\"@type\":\"Organization\",\"@id\":\"https:\/\/www.kungsservice.fi\/sv_SE\/#organization\",\"name\":\"Kungs Service\",\"url\":\"https:\/\/www.kungsservice.fi\/sv_SE\/\",\"logo\":{\"@type\":\"ImageObject\",\"inLanguage\":\"sv-SE\",\"@id\":\"https:\/\/www.kungsservice.fi\/sv_SE\/#\/schema\/logo\/image\/\",\"url\":\"https:\/\/www.kungsservice.fi\/wp-content\/uploads\/2021\/03\/cropped-kungs-logo-gr\u00e5-2-3.png\",\"contentUrl\":\"https:\/\/www.kungsservice.fi\/wp-content\/uploads\/2021\/03\/cropped-kungs-logo-gr\u00e5-2-3.png\",\"width\":240,\"height\":134,\"caption\":\"Kungs Service\"},\"image\":{\"@id\":\"https:\/\/www.kungsservice.fi\/sv_SE\/#\/schema\/logo\/image\/\"},\"sameAs\":[\"https:\/\/www.facebook.com\/kungsservice\"]}]}<\/script>\n<!-- \/ Yoast SEO plugin. -->","yoast_head_json":{"title":"Tr\u00e4dg\u00e5rd & anl\u00e4ggning -","robots":{"index":"index","follow":"follow","max-snippet":"max-snippet:-1","max-image-preview":"max-image-preview:large","max-video-preview":"max-video-preview:-1"},"canonical":"https:\/\/www.kungsservice.fi\/palvelut\/tradvard\/","og_locale":"sv_SE","og_type":"article","og_title":"Tr\u00e4dg\u00e5rd & anl\u00e4ggning -","og_description":"Ta hand om din tr\u00e4dg\u00e5rd Beh\u00f6ver ni hj\u00e4lp med anl\u00e4ggning eller sk\u00f6tseln i er tr\u00e4dg\u00e5rd? Vi har verktygen och den kunskap som beh\u00f6vs f\u00f6r att planera, anl\u00e4gga och sk\u00f6ta om era tr\u00e4dg\u00e5rdar och gr\u00e4smattor, Vi erbjuder tj\u00e4nster s\u00e5som anl\u00e4ggning, gr...","og_url":"https:\/\/www.kungsservice.fi\/palvelut\/tradvard\/","article_publisher":"https:\/\/www.facebook.com\/kungsservice","article_modified_time":"2025-03-05T09:21:13+00:00","og_image":[{"url":"https:\/\/www.kungsservice.fi\/wp-content\/uploads\/2020\/05\/NewFrame6-1024x213.jpg"}],"twitter_card":"summary_large_image","twitter_misc":{"Ber\u00e4knad l\u00e4stid":"3 minuter"},"schema":{"@context":"https:\/\/schema.org","@graph":[{"@type":"WebPage","@id":"https:\/\/www.kungsservice.fi\/palvelut\/tradvard\/","url":"https:\/\/www.kungsservice.fi\/palvelut\/tradvard\/","name":"Tr\u00e4dg\u00e5rd & anl\u00e4ggning -","isPartOf":{"@id":"https:\/\/www.kungsservice.fi\/sv_SE\/#website"},"datePublished":"2020-05-12T11:26:28+00:00","dateModified":"2025-03-05T09:21:13+00:00","breadcrumb":{"@id":"https:\/\/www.kungsservice.fi\/palvelut\/tradvard\/#breadcrumb"},"inLanguage":"sv-SE","potentialAction":[{"@type":"ReadAction","target":["https:\/\/www.kungsservice.fi\/palvelut\/tradvard\/"]}]},{"@type":"BreadcrumbList","@id":"https:\/\/www.kungsservice.fi\/palvelut\/tradvard\/#breadcrumb","itemListElement":[{"@type":"ListItem","position":1,"name":"Home","item":"https:\/\/www.kungsservice.fi\/"},{"@type":"ListItem","position":2,"name":"Tj\u00e4nster","item":"https:\/\/www.kungsservice.fi\/palvelut\/"},{"@type":"ListItem","position":3,"name":"Puutarha"}]},{"@type":"WebSite","@id":"https:\/\/www.kungsservice.fi\/sv_SE\/#website","url":"https:\/\/www.kungsservice.fi\/sv_SE\/","name":"","description":"","publisher":{"@id":"https:\/\/www.kungsservice.fi\/sv_SE\/#organization"},"potentialAction":[{"@type":"SearchAction","target":{"@type":"EntryPoint","urlTemplate":"https:\/\/www.kungsservice.fi\/sv_SE\/?s={search_term_string}"},"query-input":"required name=search_term_string"}],"inLanguage":"sv-SE"},{"@type":"Organization","@id":"https:\/\/www.kungsservice.fi\/sv_SE\/#organization","name":"Kungs Service","url":"https:\/\/www.kungsservice.fi\/sv_SE\/","logo":{"@type":"ImageObject","inLanguage":"sv-SE","@id":"https:\/\/www.kungsservice.fi\/sv_SE\/#\/schema\/logo\/image\/","url":"https:\/\/www.kungsservice.fi\/wp-content\/uploads\/2021\/03\/cropped-kungs-logo-gr\u00e5-2-3.png","contentUrl":"https:\/\/www.kungsservice.fi\/wp-content\/uploads\/2021\/03\/cropped-kungs-logo-gr\u00e5-2-3.png","width":240,"height":134,"caption":"Kungs Service"},"image":{"@id":"https:\/\/www.kungsservice.fi\/sv_SE\/#\/schema\/logo\/image\/"},"sameAs":["https:\/\/www.facebook.com\/kungsservice"]}]}},"_links":{"self":[{"href":"https:\/\/www.kungsservice.fi\/sv_SE\/wp-json\/wp\/v2\/pages\/121"}],"collection":[{"href":"https:\/\/www.kungsservice.fi\/sv_SE\/wp-json\/wp\/v2\/pages"}],"about":[{"href":"https:\/\/www.kungsservice.fi\/sv_SE\/wp-json\/wp\/v2\/types\/page"}],"author":[{"embeddable":true,"href":"https:\/\/www.kungsservice.fi\/sv_SE\/wp-json\/wp\/v2\/users\/1"}],"replies":[{"embeddable":true,"href":"https:\/\/www.kungsservice.fi\/sv_SE\/wp-json\/wp\/v2\/comments?post=121"}],"version-history":[{"count":47,"href":"https:\/\/www.kungsservice.fi\/sv_SE\/wp-json\/wp\/v2\/pages\/121\/revisions"}],"predecessor-version":[{"id":1183,"href":"https:\/\/www.kungsservice.fi\/sv_SE\/wp-json\/wp\/v2\/pages\/121\/revisions\/1183"}],"up":[{"embeddable":true,"href":"https:\/\/www.kungsservice.fi\/sv_SE\/wp-json\/wp\/v2\/pages\/654"}],"wp:attachment":[{"href":"https:\/\/www.kungsservice.fi\/sv_SE\/wp-json\/wp\/v2\/media?parent=121"}],"curies":[{"name":"wp","href":"https:\/\/api.w.org\/{rel}","templated":true}]}}