{"id":125,"date":"2020-05-12T14:27:42","date_gmt":"2020-05-12T11:27:42","guid":{"rendered":"https:\/\/whm18.louhi.net\/~kungsser\/?page_id=125"},"modified":"2025-03-05T11:22:05","modified_gmt":"2025-03-05T09:22:05","slug":"vard-av-naturgras","status":"publish","type":"page","link":"https:\/\/www.kungsservice.fi\/sv_SE\/palvelut\/vard-av-naturgras\/","title":{"rendered":"Gr\u00f6nytev\u00e5rd & Gr\u00e4splaner"},"content":{"rendered":"<h2>Vi har verktygen<\/h2>\n<p>En v\u00e4lv\u00e5rdad gr\u00e4splan h\u00e5ller b\u00e4ttre f\u00f6r slitage och torka. Vi \u00e4r specialiserade p\u00e5 stora ytor och erbjuder allt fr\u00e5n planering, anl\u00e4ggning till underh\u00e5llsarbeten av gr\u00e4smattor och gr\u00e4splaner. I v\u00e5r maskinpark finns de redskap som beh\u00f6vs f\u00f6r att f\u00e5 till det d\u00e4r lilla extra \u2013 som en tillr\u00e4ckligt h\u00f6gklassig yta p\u00e5 en fotbollsplan eller golfbana. Hos oss kan du \u00e4ven best\u00e4lla g\u00f6dsling, kalkning och markbearbetning. \u00c4ven konstgr\u00e4s beh\u00f6ver en del underh\u00e5ll. VI har specialverktyg f\u00f6r r\u00e4fsning och st\u00e4dning av konstgr\u00e4splaner.<\/p>\n<p>Ett bekymmersfritt alternativ \u00e4r en helhetsentreprenad f\u00f6r hela sommaren. Omr\u00e5det runt ditt f\u00f6retag \u00e4r som ett visitkort \u2013 en v\u00e4lv\u00e5rdad g\u00e5rdsplan ger ett gott intryck.<\/p>\n<p>Vi \u00e4r m\u00e5na om milj\u00f6n, och anv\u00e4nder skonsamma metoder och maskiner, och de b\u00e4sta produkterna p\u00e5 marknaden.<\/p>\n<p><img decoding=\"async\" loading=\"lazy\" src=\"https:\/\/www.kungsservice.fi\/wp-content\/uploads\/2021\/03\/116886107_766420100780077_2832058901511782382_n-300x200.jpg\" alt=\"\" width=\"300\" height=\"200\" class=\"aligncenter size-medium wp-image-763\" srcset=\"https:\/\/www.kungsservice.fi\/wp-content\/uploads\/2021\/03\/116886107_766420100780077_2832058901511782382_n-300x200.jpg 300w, https:\/\/www.kungsservice.fi\/wp-content\/uploads\/2021\/03\/116886107_766420100780077_2832058901511782382_n-1024x683.jpg 1024w, https:\/\/www.kungsservice.fi\/wp-content\/uploads\/2021\/03\/116886107_766420100780077_2832058901511782382_n-768x512.jpg 768w, https:\/\/www.kungsservice.fi\/wp-content\/uploads\/2021\/03\/116886107_766420100780077_2832058901511782382_n-1536x1024.jpg 1536w, https:\/\/www.kungsservice.fi\/wp-content\/uploads\/2021\/03\/116886107_766420100780077_2832058901511782382_n.jpg 2048w\" sizes=\"(max-width: 300px) 100vw, 300px\" \/><\/p>\n<p><img decoding=\"async\" loading=\"lazy\" src=\"https:\/\/www.kungsservice.fi\/wp-content\/uploads\/2020\/05\/naturgras-1-300x225.jpg\" alt=\"\" width=\"300\" height=\"225\" class=\"aligncenter size-medium wp-image-479\" srcset=\"https:\/\/www.kungsservice.fi\/wp-content\/uploads\/2020\/05\/naturgras-1-300x225.jpg 300w, https:\/\/www.kungsservice.fi\/wp-content\/uploads\/2020\/05\/naturgras-1-768x576.jpg 768w, https:\/\/www.kungsservice.fi\/wp-content\/uploads\/2020\/05\/naturgras-1.jpg 800w\" sizes=\"(max-width: 300px) 100vw, 300px\" \/><\/p>\n<p><img decoding=\"async\" loading=\"lazy\" src=\"https:\/\/www.kungsservice.fi\/wp-content\/uploads\/2020\/05\/konstgras1-300x225.jpg\" alt=\"\" width=\"300\" height=\"225\" class=\"aligncenter size-medium wp-image-220\" srcset=\"https:\/\/www.kungsservice.fi\/wp-content\/uploads\/2020\/05\/konstgras1-300x225.jpg 300w, https:\/\/www.kungsservice.fi\/wp-content\/uploads\/2020\/05\/konstgras1-768x576.jpg 768w, https:\/\/www.kungsservice.fi\/wp-content\/uploads\/2020\/05\/konstgras1.jpg 800w\" sizes=\"(max-width: 300px) 100vw, 300px\" \/><\/p>\n","protected":false},"excerpt":{"rendered":"<h2>Vi har verktygen<\/h2>\n<p>En v\u00e4lv\u00e5rdad gr\u00e4splan h\u00e5ller b\u00e4ttre f\u00f6r slitage och torka. Vi \u00e4r specialiserade p\u00e5 stora ytor och erbjuder allt fr\u00e5n planering, anl\u00e4ggning till underh\u00e5llsarbeten av gr\u00e4smattor och gr\u00e4splaner. I v\u00e5r maskinpark finns de redsk&#8230;<\/p>\n","protected":false},"author":1,"featured_media":0,"parent":654,"menu_order":8,"comment_status":"closed","ping_status":"closed","template":"","meta":[],"yoast_head":"<!-- This site is optimized with the Yoast SEO plugin v19.9 - https:\/\/yoast.com\/wordpress\/plugins\/seo\/ -->\n<title>Gr\u00f6nytev\u00e5rd &amp; Gr\u00e4splaner -<\/title>\n<meta name=\"robots\" content=\"index, follow, max-snippet:-1, max-image-preview:large, max-video-preview:-1\" \/>\n<link rel=\"canonical\" href=\"https:\/\/www.kungsservice.fi\/palvelut\/vard-av-naturgras\/\" \/>\n<meta property=\"og:locale\" content=\"sv_SE\" \/>\n<meta property=\"og:type\" content=\"article\" \/>\n<meta property=\"og:title\" content=\"Gr\u00f6nytev\u00e5rd &amp; Gr\u00e4splaner -\" \/>\n<meta property=\"og:description\" content=\"Vi har verktygen En v\u00e4lv\u00e5rdad gr\u00e4splan h\u00e5ller b\u00e4ttre f\u00f6r slitage och torka. Vi \u00e4r specialiserade p\u00e5 stora ytor och erbjuder allt fr\u00e5n planering, anl\u00e4ggning till underh\u00e5llsarbeten av gr\u00e4smattor och gr\u00e4splaner. I v\u00e5r maskinpark finns de redsk...\" \/>\n<meta property=\"og:url\" content=\"https:\/\/www.kungsservice.fi\/palvelut\/vard-av-naturgras\/\" \/>\n<meta property=\"article:publisher\" content=\"https:\/\/www.facebook.com\/kungsservice\" \/>\n<meta property=\"article:modified_time\" content=\"2025-03-05T09:22:05+00:00\" \/>\n<meta property=\"og:image\" content=\"https:\/\/www.kungsservice.fi\/wp-content\/uploads\/2021\/03\/116886107_766420100780077_2832058901511782382_n-300x200.jpg\" \/>\n<meta name=\"twitter:card\" content=\"summary_large_image\" \/>\n<meta name=\"twitter:label1\" content=\"Ber\u00e4knad l\u00e4stid\" \/>\n\t<meta name=\"twitter:data1\" content=\"2 minuter\" \/>\n<script type=\"application\/ld+json\" class=\"yoast-schema-graph\">{\"@context\":\"https:\/\/schema.org\",\"@graph\":[{\"@type\":\"WebPage\",\"@id\":\"https:\/\/www.kungsservice.fi\/palvelut\/vard-av-naturgras\/\",\"url\":\"https:\/\/www.kungsservice.fi\/palvelut\/vard-av-naturgras\/\",\"name\":\"Gr\u00f6nytev\u00e5rd & Gr\u00e4splaner -\",\"isPartOf\":{\"@id\":\"https:\/\/www.kungsservice.fi\/sv_SE\/#website\"},\"datePublished\":\"2020-05-12T11:27:42+00:00\",\"dateModified\":\"2025-03-05T09:22:05+00:00\",\"breadcrumb\":{\"@id\":\"https:\/\/www.kungsservice.fi\/palvelut\/vard-av-naturgras\/#breadcrumb\"},\"inLanguage\":\"sv-SE\",\"potentialAction\":[{\"@type\":\"ReadAction\",\"target\":[\"https:\/\/www.kungsservice.fi\/palvelut\/vard-av-naturgras\/\"]}]},{\"@type\":\"BreadcrumbList\",\"@id\":\"https:\/\/www.kungsservice.fi\/palvelut\/vard-av-naturgras\/#breadcrumb\",\"itemListElement\":[{\"@type\":\"ListItem\",\"position\":1,\"name\":\"Home\",\"item\":\"https:\/\/www.kungsservice.fi\/\"},{\"@type\":\"ListItem\",\"position\":2,\"name\":\"Tj\u00e4nster\",\"item\":\"https:\/\/www.kungsservice.fi\/palvelut\/\"},{\"@type\":\"ListItem\",\"position\":3,\"name\":\"Viheralueet\"}]},{\"@type\":\"WebSite\",\"@id\":\"https:\/\/www.kungsservice.fi\/sv_SE\/#website\",\"url\":\"https:\/\/www.kungsservice.fi\/sv_SE\/\",\"name\":\"\",\"description\":\"\",\"publisher\":{\"@id\":\"https:\/\/www.kungsservice.fi\/sv_SE\/#organization\"},\"potentialAction\":[{\"@type\":\"SearchAction\",\"target\":{\"@type\":\"EntryPoint\",\"urlTemplate\":\"https:\/\/www.kungsservice.fi\/sv_SE\/?s={search_term_string}\"},\"query-input\":\"required name=search_term_string\"}],\"inLanguage\":\"sv-SE\"},{\"@type\":\"Organization\",\"@id\":\"https:\/\/www.kungsservice.fi\/sv_SE\/#organization\",\"name\":\"Kungs Service\",\"url\":\"https:\/\/www.kungsservice.fi\/sv_SE\/\",\"logo\":{\"@type\":\"ImageObject\",\"inLanguage\":\"sv-SE\",\"@id\":\"https:\/\/www.kungsservice.fi\/sv_SE\/#\/schema\/logo\/image\/\",\"url\":\"https:\/\/www.kungsservice.fi\/wp-content\/uploads\/2021\/03\/cropped-kungs-logo-gr\u00e5-2-3.png\",\"contentUrl\":\"https:\/\/www.kungsservice.fi\/wp-content\/uploads\/2021\/03\/cropped-kungs-logo-gr\u00e5-2-3.png\",\"width\":240,\"height\":134,\"caption\":\"Kungs Service\"},\"image\":{\"@id\":\"https:\/\/www.kungsservice.fi\/sv_SE\/#\/schema\/logo\/image\/\"},\"sameAs\":[\"https:\/\/www.facebook.com\/kungsservice\"]}]}<\/script>\n<!-- \/ Yoast SEO plugin. -->","yoast_head_json":{"title":"Gr\u00f6nytev\u00e5rd & Gr\u00e4splaner -","robots":{"index":"index","follow":"follow","max-snippet":"max-snippet:-1","max-image-preview":"max-image-preview:large","max-video-preview":"max-video-preview:-1"},"canonical":"https:\/\/www.kungsservice.fi\/palvelut\/vard-av-naturgras\/","og_locale":"sv_SE","og_type":"article","og_title":"Gr\u00f6nytev\u00e5rd & Gr\u00e4splaner -","og_description":"Vi har verktygen En v\u00e4lv\u00e5rdad gr\u00e4splan h\u00e5ller b\u00e4ttre f\u00f6r slitage och torka. Vi \u00e4r specialiserade p\u00e5 stora ytor och erbjuder allt fr\u00e5n planering, anl\u00e4ggning till underh\u00e5llsarbeten av gr\u00e4smattor och gr\u00e4splaner. I v\u00e5r maskinpark finns de redsk...","og_url":"https:\/\/www.kungsservice.fi\/palvelut\/vard-av-naturgras\/","article_publisher":"https:\/\/www.facebook.com\/kungsservice","article_modified_time":"2025-03-05T09:22:05+00:00","og_image":[{"url":"https:\/\/www.kungsservice.fi\/wp-content\/uploads\/2021\/03\/116886107_766420100780077_2832058901511782382_n-300x200.jpg"}],"twitter_card":"summary_large_image","twitter_misc":{"Ber\u00e4knad l\u00e4stid":"2 minuter"},"schema":{"@context":"https:\/\/schema.org","@graph":[{"@type":"WebPage","@id":"https:\/\/www.kungsservice.fi\/palvelut\/vard-av-naturgras\/","url":"https:\/\/www.kungsservice.fi\/palvelut\/vard-av-naturgras\/","name":"Gr\u00f6nytev\u00e5rd & Gr\u00e4splaner -","isPartOf":{"@id":"https:\/\/www.kungsservice.fi\/sv_SE\/#website"},"datePublished":"2020-05-12T11:27:42+00:00","dateModified":"2025-03-05T09:22:05+00:00","breadcrumb":{"@id":"https:\/\/www.kungsservice.fi\/palvelut\/vard-av-naturgras\/#breadcrumb"},"inLanguage":"sv-SE","potentialAction":[{"@type":"ReadAction","target":["https:\/\/www.kungsservice.fi\/palvelut\/vard-av-naturgras\/"]}]},{"@type":"BreadcrumbList","@id":"https:\/\/www.kungsservice.fi\/palvelut\/vard-av-naturgras\/#breadcrumb","itemListElement":[{"@type":"ListItem","position":1,"name":"Home","item":"https:\/\/www.kungsservice.fi\/"},{"@type":"ListItem","position":2,"name":"Tj\u00e4nster","item":"https:\/\/www.kungsservice.fi\/palvelut\/"},{"@type":"ListItem","position":3,"name":"Viheralueet"}]},{"@type":"WebSite","@id":"https:\/\/www.kungsservice.fi\/sv_SE\/#website","url":"https:\/\/www.kungsservice.fi\/sv_SE\/","name":"","description":"","publisher":{"@id":"https:\/\/www.kungsservice.fi\/sv_SE\/#organization"},"potentialAction":[{"@type":"SearchAction","target":{"@type":"EntryPoint","urlTemplate":"https:\/\/www.kungsservice.fi\/sv_SE\/?s={search_term_string}"},"query-input":"required name=search_term_string"}],"inLanguage":"sv-SE"},{"@type":"Organization","@id":"https:\/\/www.kungsservice.fi\/sv_SE\/#organization","name":"Kungs Service","url":"https:\/\/www.kungsservice.fi\/sv_SE\/","logo":{"@type":"ImageObject","inLanguage":"sv-SE","@id":"https:\/\/www.kungsservice.fi\/sv_SE\/#\/schema\/logo\/image\/","url":"https:\/\/www.kungsservice.fi\/wp-content\/uploads\/2021\/03\/cropped-kungs-logo-gr\u00e5-2-3.png","contentUrl":"https:\/\/www.kungsservice.fi\/wp-content\/uploads\/2021\/03\/cropped-kungs-logo-gr\u00e5-2-3.png","width":240,"height":134,"caption":"Kungs Service"},"image":{"@id":"https:\/\/www.kungsservice.fi\/sv_SE\/#\/schema\/logo\/image\/"},"sameAs":["https:\/\/www.facebook.com\/kungsservice"]}]}},"_links":{"self":[{"href":"https:\/\/www.kungsservice.fi\/sv_SE\/wp-json\/wp\/v2\/pages\/125"}],"collection":[{"href":"https:\/\/www.kungsservice.fi\/sv_SE\/wp-json\/wp\/v2\/pages"}],"about":[{"href":"https:\/\/www.kungsservice.fi\/sv_SE\/wp-json\/wp\/v2\/types\/page"}],"author":[{"embeddable":true,"href":"https:\/\/www.kungsservice.fi\/sv_SE\/wp-json\/wp\/v2\/users\/1"}],"replies":[{"embeddable":true,"href":"https:\/\/www.kungsservice.fi\/sv_SE\/wp-json\/wp\/v2\/comments?post=125"}],"version-history":[{"count":32,"href":"https:\/\/www.kungsservice.fi\/sv_SE\/wp-json\/wp\/v2\/pages\/125\/revisions"}],"predecessor-version":[{"id":1186,"href":"https:\/\/www.kungsservice.fi\/sv_SE\/wp-json\/wp\/v2\/pages\/125\/revisions\/1186"}],"up":[{"embeddable":true,"href":"https:\/\/www.kungsservice.fi\/sv_SE\/wp-json\/wp\/v2\/pages\/654"}],"wp:attachment":[{"href":"https:\/\/www.kungsservice.fi\/sv_SE\/wp-json\/wp\/v2\/media?parent=125"}],"curies":[{"name":"wp","href":"https:\/\/api.w.org\/{rel}","templated":true}]}}