{"id":129,"date":"2020-05-12T14:28:36","date_gmt":"2020-05-12T11:28:36","guid":{"rendered":"https:\/\/whm18.louhi.net\/~kungsser\/?page_id=129"},"modified":"2025-03-05T11:24:13","modified_gmt":"2025-03-05T09:24:13","slug":"uthyrning","status":"publish","type":"page","link":"https:\/\/www.kungsservice.fi\/sv_SE\/palvelut\/uthyrning\/","title":{"rendered":"Makinuthyrning"},"content":{"rendered":"<h2>Hyr maskiner av oss<\/h2>\n<p>Beh\u00f6ver du en minilastare, eller en robotgr\u00e4sklippare?  Vi har dessa maskiner som beh\u00f6vs f\u00f6r att ta hand om din tr\u00e4dg\u00e5rd f\u00f6r uthyrning. <\/p>\n<p><img decoding=\"async\" loading=\"lazy\" src=\"https:\/\/www.kungsservice.fi\/wp-content\/uploads\/2021\/10\/H350-0504.jpeg\" alt=\"\" width=\"816\" height=\"544\" class=\"aligncenter size-full wp-image-865\" srcset=\"https:\/\/www.kungsservice.fi\/wp-content\/uploads\/2021\/10\/H350-0504.jpeg 816w, https:\/\/www.kungsservice.fi\/wp-content\/uploads\/2021\/10\/H350-0504-300x200.jpeg 300w, https:\/\/www.kungsservice.fi\/wp-content\/uploads\/2021\/10\/H350-0504-768x512.jpeg 768w\" sizes=\"(max-width: 816px) 100vw, 816px\" \/><\/p>\n<p><img decoding=\"async\" src=\"https:\/\/www.kungsservice.fi\/wp-content\/uploads\/2021\/10\/20210528_100525-1024x768.jpg\" alt=\"\" width=816\" height=\"544\" class=\"aligncenter size-large wp-image-866\" srcset=\"https:\/\/www.kungsservice.fi\/wp-content\/uploads\/2021\/10\/20210528_100525-1024x768.jpg 1024w, https:\/\/www.kungsservice.fi\/wp-content\/uploads\/2021\/10\/20210528_100525-300x225.jpg 300w, https:\/\/www.kungsservice.fi\/wp-content\/uploads\/2021\/10\/20210528_100525-768x576.jpg 768w, https:\/\/www.kungsservice.fi\/wp-content\/uploads\/2021\/10\/20210528_100525-1536x1152.jpg 1536w, https:\/\/www.kungsservice.fi\/wp-content\/uploads\/2021\/10\/20210528_100525-2048x1536.jpg 2048w\" sizes=\"(max-width: 1024px) 100vw, 1024px\" \/><\/p>\n","protected":false},"excerpt":{"rendered":"<h2>Hyr maskiner av oss<\/h2>\n<p>Beh\u00f6ver du en minilastare, eller en robotgr\u00e4sklippare?  Vi har dessa maskiner som beh\u00f6vs f\u00f6r att ta hand om din tr\u00e4dg\u00e5rd f\u00f6r uthyrning. <\/p>\n<p><img decoding=\"async\" src=\"https:\/\/www.kungsservice.fi\/wp-content\/uploads\/2021\/10\/H350-0504.jpeg\" a...\n<\/p>\n","protected":false},"author":1,"featured_media":0,"parent":654,"menu_order":12,"comment_status":"closed","ping_status":"closed","template":"","meta":[],"yoast_head":"<!-- This site is optimized with the Yoast SEO plugin v19.9 - https:\/\/yoast.com\/wordpress\/plugins\/seo\/ -->\n<title>Makinuthyrning -<\/title>\n<meta name=\"robots\" content=\"index, follow, max-snippet:-1, max-image-preview:large, max-video-preview:-1\" \/>\n<link rel=\"canonical\" href=\"https:\/\/www.kungsservice.fi\/palvelut\/uthyrning\/\" \/>\n<meta property=\"og:locale\" content=\"sv_SE\" \/>\n<meta property=\"og:type\" content=\"article\" \/>\n<meta property=\"og:title\" content=\"Makinuthyrning -\" \/>\n<meta property=\"og:description\" content=\"Hyr maskiner av oss Beh\u00f6ver du en minilastare, eller en robotgr\u00e4sklippare? Vi har dessa maskiner som beh\u00f6vs f\u00f6r att ta hand om din tr\u00e4dg\u00e5rd f\u00f6r uthyrning.\" \/>\n<meta property=\"og:url\" content=\"https:\/\/www.kungsservice.fi\/palvelut\/uthyrning\/\" \/>\n<meta property=\"article:publisher\" content=\"https:\/\/www.facebook.com\/kungsservice\" \/>\n<meta property=\"article:modified_time\" content=\"2025-03-05T09:24:13+00:00\" \/>\n<meta property=\"og:image\" content=\"https:\/\/www.kungsservice.fi\/wp-content\/uploads\/2021\/10\/H350-0504.jpeg\" \/>\n<meta name=\"twitter:card\" content=\"summary_large_image\" \/>\n<meta name=\"twitter:label1\" content=\"Ber\u00e4knad l\u00e4stid\" \/>\n\t<meta name=\"twitter:data1\" content=\"1 minut\" \/>\n<script type=\"application\/ld+json\" class=\"yoast-schema-graph\">{\"@context\":\"https:\/\/schema.org\",\"@graph\":[{\"@type\":\"WebPage\",\"@id\":\"https:\/\/www.kungsservice.fi\/palvelut\/uthyrning\/\",\"url\":\"https:\/\/www.kungsservice.fi\/palvelut\/uthyrning\/\",\"name\":\"Makinuthyrning -\",\"isPartOf\":{\"@id\":\"https:\/\/www.kungsservice.fi\/sv_SE\/#website\"},\"datePublished\":\"2020-05-12T11:28:36+00:00\",\"dateModified\":\"2025-03-05T09:24:13+00:00\",\"breadcrumb\":{\"@id\":\"https:\/\/www.kungsservice.fi\/palvelut\/uthyrning\/#breadcrumb\"},\"inLanguage\":\"sv-SE\",\"potentialAction\":[{\"@type\":\"ReadAction\",\"target\":[\"https:\/\/www.kungsservice.fi\/palvelut\/uthyrning\/\"]}]},{\"@type\":\"BreadcrumbList\",\"@id\":\"https:\/\/www.kungsservice.fi\/palvelut\/uthyrning\/#breadcrumb\",\"itemListElement\":[{\"@type\":\"ListItem\",\"position\":1,\"name\":\"Home\",\"item\":\"https:\/\/www.kungsservice.fi\/\"},{\"@type\":\"ListItem\",\"position\":2,\"name\":\"Tj\u00e4nster\",\"item\":\"https:\/\/www.kungsservice.fi\/palvelut\/\"},{\"@type\":\"ListItem\",\"position\":3,\"name\":\"Laitevuokraus\"}]},{\"@type\":\"WebSite\",\"@id\":\"https:\/\/www.kungsservice.fi\/sv_SE\/#website\",\"url\":\"https:\/\/www.kungsservice.fi\/sv_SE\/\",\"name\":\"\",\"description\":\"\",\"publisher\":{\"@id\":\"https:\/\/www.kungsservice.fi\/sv_SE\/#organization\"},\"potentialAction\":[{\"@type\":\"SearchAction\",\"target\":{\"@type\":\"EntryPoint\",\"urlTemplate\":\"https:\/\/www.kungsservice.fi\/sv_SE\/?s={search_term_string}\"},\"query-input\":\"required name=search_term_string\"}],\"inLanguage\":\"sv-SE\"},{\"@type\":\"Organization\",\"@id\":\"https:\/\/www.kungsservice.fi\/sv_SE\/#organization\",\"name\":\"Kungs Service\",\"url\":\"https:\/\/www.kungsservice.fi\/sv_SE\/\",\"logo\":{\"@type\":\"ImageObject\",\"inLanguage\":\"sv-SE\",\"@id\":\"https:\/\/www.kungsservice.fi\/sv_SE\/#\/schema\/logo\/image\/\",\"url\":\"https:\/\/www.kungsservice.fi\/wp-content\/uploads\/2021\/03\/cropped-kungs-logo-gr\u00e5-2-3.png\",\"contentUrl\":\"https:\/\/www.kungsservice.fi\/wp-content\/uploads\/2021\/03\/cropped-kungs-logo-gr\u00e5-2-3.png\",\"width\":240,\"height\":134,\"caption\":\"Kungs Service\"},\"image\":{\"@id\":\"https:\/\/www.kungsservice.fi\/sv_SE\/#\/schema\/logo\/image\/\"},\"sameAs\":[\"https:\/\/www.facebook.com\/kungsservice\"]}]}<\/script>\n<!-- \/ Yoast SEO plugin. -->","yoast_head_json":{"title":"Makinuthyrning -","robots":{"index":"index","follow":"follow","max-snippet":"max-snippet:-1","max-image-preview":"max-image-preview:large","max-video-preview":"max-video-preview:-1"},"canonical":"https:\/\/www.kungsservice.fi\/palvelut\/uthyrning\/","og_locale":"sv_SE","og_type":"article","og_title":"Makinuthyrning -","og_description":"Hyr maskiner av oss Beh\u00f6ver du en minilastare, eller en robotgr\u00e4sklippare? Vi har dessa maskiner som beh\u00f6vs f\u00f6r att ta hand om din tr\u00e4dg\u00e5rd f\u00f6r uthyrning.","og_url":"https:\/\/www.kungsservice.fi\/palvelut\/uthyrning\/","article_publisher":"https:\/\/www.facebook.com\/kungsservice","article_modified_time":"2025-03-05T09:24:13+00:00","og_image":[{"url":"https:\/\/www.kungsservice.fi\/wp-content\/uploads\/2021\/10\/H350-0504.jpeg"}],"twitter_card":"summary_large_image","twitter_misc":{"Ber\u00e4knad l\u00e4stid":"1 minut"},"schema":{"@context":"https:\/\/schema.org","@graph":[{"@type":"WebPage","@id":"https:\/\/www.kungsservice.fi\/palvelut\/uthyrning\/","url":"https:\/\/www.kungsservice.fi\/palvelut\/uthyrning\/","name":"Makinuthyrning -","isPartOf":{"@id":"https:\/\/www.kungsservice.fi\/sv_SE\/#website"},"datePublished":"2020-05-12T11:28:36+00:00","dateModified":"2025-03-05T09:24:13+00:00","breadcrumb":{"@id":"https:\/\/www.kungsservice.fi\/palvelut\/uthyrning\/#breadcrumb"},"inLanguage":"sv-SE","potentialAction":[{"@type":"ReadAction","target":["https:\/\/www.kungsservice.fi\/palvelut\/uthyrning\/"]}]},{"@type":"BreadcrumbList","@id":"https:\/\/www.kungsservice.fi\/palvelut\/uthyrning\/#breadcrumb","itemListElement":[{"@type":"ListItem","position":1,"name":"Home","item":"https:\/\/www.kungsservice.fi\/"},{"@type":"ListItem","position":2,"name":"Tj\u00e4nster","item":"https:\/\/www.kungsservice.fi\/palvelut\/"},{"@type":"ListItem","position":3,"name":"Laitevuokraus"}]},{"@type":"WebSite","@id":"https:\/\/www.kungsservice.fi\/sv_SE\/#website","url":"https:\/\/www.kungsservice.fi\/sv_SE\/","name":"","description":"","publisher":{"@id":"https:\/\/www.kungsservice.fi\/sv_SE\/#organization"},"potentialAction":[{"@type":"SearchAction","target":{"@type":"EntryPoint","urlTemplate":"https:\/\/www.kungsservice.fi\/sv_SE\/?s={search_term_string}"},"query-input":"required name=search_term_string"}],"inLanguage":"sv-SE"},{"@type":"Organization","@id":"https:\/\/www.kungsservice.fi\/sv_SE\/#organization","name":"Kungs Service","url":"https:\/\/www.kungsservice.fi\/sv_SE\/","logo":{"@type":"ImageObject","inLanguage":"sv-SE","@id":"https:\/\/www.kungsservice.fi\/sv_SE\/#\/schema\/logo\/image\/","url":"https:\/\/www.kungsservice.fi\/wp-content\/uploads\/2021\/03\/cropped-kungs-logo-gr\u00e5-2-3.png","contentUrl":"https:\/\/www.kungsservice.fi\/wp-content\/uploads\/2021\/03\/cropped-kungs-logo-gr\u00e5-2-3.png","width":240,"height":134,"caption":"Kungs Service"},"image":{"@id":"https:\/\/www.kungsservice.fi\/sv_SE\/#\/schema\/logo\/image\/"},"sameAs":["https:\/\/www.facebook.com\/kungsservice"]}]}},"_links":{"self":[{"href":"https:\/\/www.kungsservice.fi\/sv_SE\/wp-json\/wp\/v2\/pages\/129"}],"collection":[{"href":"https:\/\/www.kungsservice.fi\/sv_SE\/wp-json\/wp\/v2\/pages"}],"about":[{"href":"https:\/\/www.kungsservice.fi\/sv_SE\/wp-json\/wp\/v2\/types\/page"}],"author":[{"embeddable":true,"href":"https:\/\/www.kungsservice.fi\/sv_SE\/wp-json\/wp\/v2\/users\/1"}],"replies":[{"embeddable":true,"href":"https:\/\/www.kungsservice.fi\/sv_SE\/wp-json\/wp\/v2\/comments?post=129"}],"version-history":[{"count":25,"href":"https:\/\/www.kungsservice.fi\/sv_SE\/wp-json\/wp\/v2\/pages\/129\/revisions"}],"predecessor-version":[{"id":1194,"href":"https:\/\/www.kungsservice.fi\/sv_SE\/wp-json\/wp\/v2\/pages\/129\/revisions\/1194"}],"up":[{"embeddable":true,"href":"https:\/\/www.kungsservice.fi\/sv_SE\/wp-json\/wp\/v2\/pages\/654"}],"wp:attachment":[{"href":"https:\/\/www.kungsservice.fi\/sv_SE\/wp-json\/wp\/v2\/media?parent=129"}],"curies":[{"name":"wp","href":"https:\/\/api.w.org\/{rel}","templated":true}]}}