{"id":136,"date":"2020-05-12T14:30:18","date_gmt":"2020-05-12T11:30:18","guid":{"rendered":"https:\/\/whm18.louhi.net\/~kungsser\/?page_id=136"},"modified":"2021-03-16T09:09:48","modified_gmt":"2021-03-16T07:09:48","slug":"historik","status":"publish","type":"page","link":"https:\/\/www.kungsservice.fi\/sv_SE\/tietoa-meista\/historik\/","title":{"rendered":"HISTORIK"},"content":{"rendered":"<h2>Med kunden i fokus<\/h2>\n<p>Kundservicen har alltid varit drivkraften f\u00f6r Fredrik Kung, \u00e4nda fr\u00e5n b\u00f6rjan. 1998 startade hans \u00e4ldre bror Johan ett fastighetsservicebolag, som sk\u00f6tte fastighetsunderh\u00e5ll i huvudsak \u00e5t kommuner och f\u00f6retag, men \u00e4ven \u00e5t en del privatpersoner. N\u00e5gra \u00e5r senare kom Fredrik med i verksamheten som en extra hand \u2013 och fastnade genast.<br \/>\n\u2013 Jag har alltid gillat kontakten med kunderna, att planera tillsammans och sedan f\u00f6rverkliga deras projekt. En n\u00f6jd kund \u00e4r det b\u00e4sta som finns, s\u00e4ger Fredrik Kung. De f\u00f6rsta \u00e5ren jobbade han deltid \u00e5t sin bror, men 2012 tog han steget fullt ut. Han k\u00f6pte fastighetssevicebolaget och grundade samtidigt det egna aktiebolaget Kungs Service. Redan f\u00f6ljande \u00e5r anst\u00e4llde han sin f\u00f6rsta fastighetssk\u00f6tare och sedan dess har f\u00f6retaget vuxit. En av de f\u00f6rsta tr\u00e4dg\u00e5rdsmaskinerna han investerade i var en stubbfr\u00e4s, och den har under \u00e5ren gett m\u00e5nga nya kundkontakter. I dag kallas Fredrik ofta Stubbkungen, en titel som han g\u00e4rna b\u00e4r.<br \/>\n\u2013 Men vi erbjuder ocks\u00e5 mycket annat, stubbfr\u00e4sningen \u00e4r bara en av v\u00e5ra tj\u00e4nster. En av v\u00e5ra grundid\u00e9er \u00e4r att du ska f\u00e5 allt fr\u00e5n samma st\u00e4lle \u2013 fr\u00e5n planering och anl\u00e4ggning till underh\u00e5ll. Bland v\u00e5ra kunder finns allt fr\u00e5n unga familjer som bygger hus och anl\u00e4gger sin f\u00f6rsta tr\u00e4dg\u00e5rd, till \u00e4ldre som tack vare v\u00e5ra tj\u00e4nster kan bo kvar hemma. Fastighetsservicen finns fortfarande kvar, men verksamheten har utvidgats med det som i dag \u00e4r Kungs Service specialomr\u00e5den \u2013 gr\u00f6nanl\u00e4ggningar och tr\u00e4dg\u00e5rdsarbete. I maskinparken finns ocks\u00e5 specialverktyg f\u00f6r att sk\u00f6ta st\u00f6rre gr\u00f6nomr\u00e5den, fotbollsplaner och golfbanor. Bland kunderna finns kommuner, f\u00f6retag och fastighetsbolag.<br \/>\n\u2013 Vi utvidgar hela tiden verksamheten, och satsar p\u00e5 att ha de b\u00e4sta verktygen som finns. Milj\u00f6t\u00e4nket \u00e4r ocks\u00e5 viktigt. Vi \u00e5tervinner eller komposterar allt avfall och anv\u00e4nder skonsamma metoder och produkter. Men k\u00e4rnan i allt \u00e4r forts\u00e4ttningsvis servicen, och kontakten med kunderna \u2013 oavsett om det g\u00e4ller privatpersoner eller stora f\u00f6retag.<br \/>\n<img decoding=\"async\" loading=\"lazy\" src=\"https:\/\/whm18.louhi.net\/~kungsser\/wp-content\/uploads\/2020\/06\/historik2.jpg\" alt=\"\" width=\"800\" height=\"599\" class=\"alignnone size-full wp-image-419\" srcset=\"https:\/\/www.kungsservice.fi\/wp-content\/uploads\/2020\/06\/historik2.jpg 800w, https:\/\/www.kungsservice.fi\/wp-content\/uploads\/2020\/06\/historik2-300x225.jpg 300w, https:\/\/www.kungsservice.fi\/wp-content\/uploads\/2020\/06\/historik2-768x575.jpg 768w\" sizes=\"(max-width: 800px) 100vw, 800px\" \/><\/p>\n","protected":false},"excerpt":{"rendered":"<h2>Med kunden i fokus<\/h2>\n<p>Kundservicen har alltid varit drivkraften f\u00f6r Fredrik Kung, \u00e4nda fr\u00e5n b\u00f6rjan. 1998 startade hans \u00e4ldre bror Johan ett fastighetsservicebolag, som sk\u00f6tte fastighetsunderh\u00e5ll i huvudsak \u00e5t kommuner och f\u00f6retag, men \u00e4ven \u00e5&#8230;<\/p>\n","protected":false},"author":1,"featured_media":0,"parent":659,"menu_order":19,"comment_status":"closed","ping_status":"closed","template":"","meta":[],"yoast_head":"<!-- This site is optimized with the Yoast SEO plugin v19.9 - https:\/\/yoast.com\/wordpress\/plugins\/seo\/ -->\n<title>HISTORIK -<\/title>\n<meta name=\"robots\" content=\"index, follow, max-snippet:-1, max-image-preview:large, max-video-preview:-1\" \/>\n<link rel=\"canonical\" href=\"https:\/\/www.kungsservice.fi\/tietoa-meista\/historik\/\" \/>\n<meta property=\"og:locale\" content=\"sv_SE\" \/>\n<meta property=\"og:type\" content=\"article\" \/>\n<meta property=\"og:title\" content=\"HISTORIK -\" \/>\n<meta property=\"og:description\" content=\"Med kunden i fokus  Kundservicen har alltid varit drivkraften f\u00f6r Fredrik Kung, \u00e4nda fr\u00e5n b\u00f6rjan. 1998 startade hans \u00e4ldre bror Johan ett fastighetsservicebolag, som sk\u00f6tte fastighetsunderh\u00e5ll i huvudsak \u00e5t kommuner och f\u00f6retag, men \u00e4ven \u00e5...\" \/>\n<meta property=\"og:url\" content=\"https:\/\/www.kungsservice.fi\/tietoa-meista\/historik\/\" \/>\n<meta property=\"article:publisher\" content=\"https:\/\/www.facebook.com\/kungsservice\" \/>\n<meta property=\"article:modified_time\" content=\"2021-03-16T07:09:48+00:00\" \/>\n<meta property=\"og:image\" content=\"https:\/\/whm18.louhi.net\/~kungsser\/wp-content\/uploads\/2020\/06\/historik2.jpg\" \/>\n<meta name=\"twitter:card\" content=\"summary_large_image\" \/>\n<meta name=\"twitter:label1\" content=\"Ber\u00e4knad l\u00e4stid\" \/>\n\t<meta name=\"twitter:data1\" content=\"2 minuter\" \/>\n<script type=\"application\/ld+json\" class=\"yoast-schema-graph\">{\"@context\":\"https:\/\/schema.org\",\"@graph\":[{\"@type\":\"WebPage\",\"@id\":\"https:\/\/www.kungsservice.fi\/tietoa-meista\/historik\/\",\"url\":\"https:\/\/www.kungsservice.fi\/tietoa-meista\/historik\/\",\"name\":\"HISTORIK -\",\"isPartOf\":{\"@id\":\"https:\/\/www.kungsservice.fi\/sv_SE\/#website\"},\"datePublished\":\"2020-05-12T11:30:18+00:00\",\"dateModified\":\"2021-03-16T07:09:48+00:00\",\"breadcrumb\":{\"@id\":\"https:\/\/www.kungsservice.fi\/tietoa-meista\/historik\/#breadcrumb\"},\"inLanguage\":\"sv-SE\",\"potentialAction\":[{\"@type\":\"ReadAction\",\"target\":[\"https:\/\/www.kungsservice.fi\/tietoa-meista\/historik\/\"]}]},{\"@type\":\"BreadcrumbList\",\"@id\":\"https:\/\/www.kungsservice.fi\/tietoa-meista\/historik\/#breadcrumb\",\"itemListElement\":[{\"@type\":\"ListItem\",\"position\":1,\"name\":\"Home\",\"item\":\"https:\/\/www.kungsservice.fi\/\"},{\"@type\":\"ListItem\",\"position\":2,\"name\":\"Om oss\",\"item\":\"https:\/\/www.kungsservice.fi\/tietoa-meista\/\"},{\"@type\":\"ListItem\",\"position\":3,\"name\":\"HISTORIK\"}]},{\"@type\":\"WebSite\",\"@id\":\"https:\/\/www.kungsservice.fi\/sv_SE\/#website\",\"url\":\"https:\/\/www.kungsservice.fi\/sv_SE\/\",\"name\":\"\",\"description\":\"\",\"publisher\":{\"@id\":\"https:\/\/www.kungsservice.fi\/sv_SE\/#organization\"},\"potentialAction\":[{\"@type\":\"SearchAction\",\"target\":{\"@type\":\"EntryPoint\",\"urlTemplate\":\"https:\/\/www.kungsservice.fi\/sv_SE\/?s={search_term_string}\"},\"query-input\":\"required name=search_term_string\"}],\"inLanguage\":\"sv-SE\"},{\"@type\":\"Organization\",\"@id\":\"https:\/\/www.kungsservice.fi\/sv_SE\/#organization\",\"name\":\"Kungs Service\",\"url\":\"https:\/\/www.kungsservice.fi\/sv_SE\/\",\"logo\":{\"@type\":\"ImageObject\",\"inLanguage\":\"sv-SE\",\"@id\":\"https:\/\/www.kungsservice.fi\/sv_SE\/#\/schema\/logo\/image\/\",\"url\":\"https:\/\/www.kungsservice.fi\/wp-content\/uploads\/2021\/03\/cropped-kungs-logo-gr\u00e5-2-3.png\",\"contentUrl\":\"https:\/\/www.kungsservice.fi\/wp-content\/uploads\/2021\/03\/cropped-kungs-logo-gr\u00e5-2-3.png\",\"width\":240,\"height\":134,\"caption\":\"Kungs Service\"},\"image\":{\"@id\":\"https:\/\/www.kungsservice.fi\/sv_SE\/#\/schema\/logo\/image\/\"},\"sameAs\":[\"https:\/\/www.facebook.com\/kungsservice\"]}]}<\/script>\n<!-- \/ Yoast SEO plugin. -->","yoast_head_json":{"title":"HISTORIK -","robots":{"index":"index","follow":"follow","max-snippet":"max-snippet:-1","max-image-preview":"max-image-preview:large","max-video-preview":"max-video-preview:-1"},"canonical":"https:\/\/www.kungsservice.fi\/tietoa-meista\/historik\/","og_locale":"sv_SE","og_type":"article","og_title":"HISTORIK -","og_description":"Med kunden i fokus  Kundservicen har alltid varit drivkraften f\u00f6r Fredrik Kung, \u00e4nda fr\u00e5n b\u00f6rjan. 1998 startade hans \u00e4ldre bror Johan ett fastighetsservicebolag, som sk\u00f6tte fastighetsunderh\u00e5ll i huvudsak \u00e5t kommuner och f\u00f6retag, men \u00e4ven \u00e5...","og_url":"https:\/\/www.kungsservice.fi\/tietoa-meista\/historik\/","article_publisher":"https:\/\/www.facebook.com\/kungsservice","article_modified_time":"2021-03-16T07:09:48+00:00","og_image":[{"url":"https:\/\/whm18.louhi.net\/~kungsser\/wp-content\/uploads\/2020\/06\/historik2.jpg"}],"twitter_card":"summary_large_image","twitter_misc":{"Ber\u00e4knad l\u00e4stid":"2 minuter"},"schema":{"@context":"https:\/\/schema.org","@graph":[{"@type":"WebPage","@id":"https:\/\/www.kungsservice.fi\/tietoa-meista\/historik\/","url":"https:\/\/www.kungsservice.fi\/tietoa-meista\/historik\/","name":"HISTORIK -","isPartOf":{"@id":"https:\/\/www.kungsservice.fi\/sv_SE\/#website"},"datePublished":"2020-05-12T11:30:18+00:00","dateModified":"2021-03-16T07:09:48+00:00","breadcrumb":{"@id":"https:\/\/www.kungsservice.fi\/tietoa-meista\/historik\/#breadcrumb"},"inLanguage":"sv-SE","potentialAction":[{"@type":"ReadAction","target":["https:\/\/www.kungsservice.fi\/tietoa-meista\/historik\/"]}]},{"@type":"BreadcrumbList","@id":"https:\/\/www.kungsservice.fi\/tietoa-meista\/historik\/#breadcrumb","itemListElement":[{"@type":"ListItem","position":1,"name":"Home","item":"https:\/\/www.kungsservice.fi\/"},{"@type":"ListItem","position":2,"name":"Om oss","item":"https:\/\/www.kungsservice.fi\/tietoa-meista\/"},{"@type":"ListItem","position":3,"name":"HISTORIK"}]},{"@type":"WebSite","@id":"https:\/\/www.kungsservice.fi\/sv_SE\/#website","url":"https:\/\/www.kungsservice.fi\/sv_SE\/","name":"","description":"","publisher":{"@id":"https:\/\/www.kungsservice.fi\/sv_SE\/#organization"},"potentialAction":[{"@type":"SearchAction","target":{"@type":"EntryPoint","urlTemplate":"https:\/\/www.kungsservice.fi\/sv_SE\/?s={search_term_string}"},"query-input":"required name=search_term_string"}],"inLanguage":"sv-SE"},{"@type":"Organization","@id":"https:\/\/www.kungsservice.fi\/sv_SE\/#organization","name":"Kungs Service","url":"https:\/\/www.kungsservice.fi\/sv_SE\/","logo":{"@type":"ImageObject","inLanguage":"sv-SE","@id":"https:\/\/www.kungsservice.fi\/sv_SE\/#\/schema\/logo\/image\/","url":"https:\/\/www.kungsservice.fi\/wp-content\/uploads\/2021\/03\/cropped-kungs-logo-gr\u00e5-2-3.png","contentUrl":"https:\/\/www.kungsservice.fi\/wp-content\/uploads\/2021\/03\/cropped-kungs-logo-gr\u00e5-2-3.png","width":240,"height":134,"caption":"Kungs Service"},"image":{"@id":"https:\/\/www.kungsservice.fi\/sv_SE\/#\/schema\/logo\/image\/"},"sameAs":["https:\/\/www.facebook.com\/kungsservice"]}]}},"_links":{"self":[{"href":"https:\/\/www.kungsservice.fi\/sv_SE\/wp-json\/wp\/v2\/pages\/136"}],"collection":[{"href":"https:\/\/www.kungsservice.fi\/sv_SE\/wp-json\/wp\/v2\/pages"}],"about":[{"href":"https:\/\/www.kungsservice.fi\/sv_SE\/wp-json\/wp\/v2\/types\/page"}],"author":[{"embeddable":true,"href":"https:\/\/www.kungsservice.fi\/sv_SE\/wp-json\/wp\/v2\/users\/1"}],"replies":[{"embeddable":true,"href":"https:\/\/www.kungsservice.fi\/sv_SE\/wp-json\/wp\/v2\/comments?post=136"}],"version-history":[{"count":11,"href":"https:\/\/www.kungsservice.fi\/sv_SE\/wp-json\/wp\/v2\/pages\/136\/revisions"}],"predecessor-version":[{"id":633,"href":"https:\/\/www.kungsservice.fi\/sv_SE\/wp-json\/wp\/v2\/pages\/136\/revisions\/633"}],"up":[{"embeddable":true,"href":"https:\/\/www.kungsservice.fi\/sv_SE\/wp-json\/wp\/v2\/pages\/659"}],"wp:attachment":[{"href":"https:\/\/www.kungsservice.fi\/sv_SE\/wp-json\/wp\/v2\/media?parent=136"}],"curies":[{"name":"wp","href":"https:\/\/api.w.org\/{rel}","templated":true}]}}