{"id":139,"date":"2020-05-12T14:31:30","date_gmt":"2020-05-12T11:31:30","guid":{"rendered":"https:\/\/whm18.louhi.net\/~kungsser\/?page_id=139"},"modified":"2025-03-05T11:23:19","modified_gmt":"2025-03-05T09:23:19","slug":"tradvard-2","status":"publish","type":"page","link":"https:\/\/www.kungsservice.fi\/sv_SE\/palvelut\/tradvard-2\/","title":{"rendered":"Stubbfr\u00e4sning"},"content":{"rendered":"<h2>Ett skonsamt val<\/h2>\n<p>Har du gamla stubbar eller r\u00f6tter som st\u00f6r? Eller \u00e4r de angripna av ohyra? Fr\u00e4sning \u00e4r ett skonsamt och effektivt s\u00e4tt att bli av med gamla stubbar. Fr\u00e4sningen utf\u00f6rs med en specialmaskin med l\u00e5gt marktryck. V\u00e5ra stubbfr\u00e4sar bearbetar endast stubben, vilket inneb\u00e4r minimala skador p\u00e5 den omkringliggande gr\u00e4smattan eller asfalten. Kvar blir endast en h\u00f6g med flis som \u00e4r perfekt att anv\u00e4nda i komposten eller som t\u00e4ckmaterial i tr\u00e4dg\u00e5rden. Ett naturlig metod, d\u00e4r allt tas tillvara. Stubbfr\u00e4sning \u00e4r ocks\u00e5 ett ypperligt alternativ n\u00e4r man vill f\u00e5 bort en en gammal h\u00e4ck med r\u00f6tter.<\/p>\n<p>Metoden l\u00e4mpar sig ocks\u00e5 om man \u00f6nskar plantera nya tr\u00e4d p\u00e5 samma plats, till exempel i parker eller all\u00e9er. Totalkostnaden f\u00f6r fr\u00e4sning \u00e4r dessutom oftast l\u00e4gre \u00e4n andra metoder. <\/p>\n<p>Vi hj\u00e4lper ocks\u00e5 med tr\u00e4dv\u00e5rden. Vi f\u00e4ller era gamla tr\u00e4d, fr\u00e4ser bort stubbarna, tar hand om resterna och planterar sedan nya tr\u00e4d.<\/p>\n<p><img decoding=\"async\" loading=\"lazy\" src=\"https:\/\/www.kungsservice.fi\/wp-content\/uploads\/2021\/10\/20210623_144548-1024x768.jpg\" alt=\"\" width=\"800\" height=\"550\" class=\"aligncenter size-large wp-image-888\" \/><\/p>\n<p><img decoding=\"async\" loading=\"lazy\" src=\"https:\/\/www.kungsservice.fi\/wp-content\/uploads\/2020\/05\/stubbfrasning-1.jpg\" alt=\"\" width=\"800\" height=\"600\" class=\"aligncenter size-full wp-image-482\" srcset=\"https:\/\/www.kungsservice.fi\/wp-content\/uploads\/2020\/05\/stubbfrasning-1.jpg 800w, https:\/\/www.kungsservice.fi\/wp-content\/uploads\/2020\/05\/stubbfrasning-1-300x225.jpg 300w, https:\/\/www.kungsservice.fi\/wp-content\/uploads\/2020\/05\/stubbfrasning-1-768x576.jpg 768w\" sizes=\"(max-width: 800px) 100vw, 800px\" \/><\/p>\n<p><img decoding=\"async\" loading=\"lazy\" src=\"https:\/\/www.kungsservice.fi\/wp-content\/uploads\/2021\/03\/IMG_0692-300x225.jpg\" alt=\"\" width=\"800\" height=\"600\" class=\"aligncenter size-medium wp-image-766\" srcset=\"https:\/\/www.kungsservice.fi\/wp-content\/uploads\/2021\/03\/IMG_0692-300x225.jpg 300w, https:\/\/www.kungsservice.fi\/wp-content\/uploads\/2021\/03\/IMG_0692-1024x768.jpg 1024w, https:\/\/www.kungsservice.fi\/wp-content\/uploads\/2021\/03\/IMG_0692-768x576.jpg 768w, https:\/\/www.kungsservice.fi\/wp-content\/uploads\/2021\/03\/IMG_0692-1536x1152.jpg 1536w, https:\/\/www.kungsservice.fi\/wp-content\/uploads\/2021\/03\/IMG_0692-2048x1536.jpg 2048w\" sizes=\"(max-width: 800px) 100vw, 800px\" \/><\/p>\n","protected":false},"excerpt":{"rendered":"<h2>Ett skonsamt val<\/h2>\n<p>Har du gamla stubbar eller r\u00f6tter som st\u00f6r? Eller \u00e4r de angripna av ohyra? Fr\u00e4sning \u00e4r ett skonsamt och effektivt s\u00e4tt att bli av med gamla stubbar. Fr\u00e4sningen utf\u00f6rs med en specialmaskin med l\u00e5gt marktryck. V\u00e5ra stubbfr\u00e4sa&#8230;<\/p>\n","protected":false},"author":1,"featured_media":0,"parent":654,"menu_order":10,"comment_status":"closed","ping_status":"closed","template":"","meta":[],"yoast_head":"<!-- This site is optimized with the Yoast SEO plugin v19.9 - https:\/\/yoast.com\/wordpress\/plugins\/seo\/ -->\n<title>Stubbfr\u00e4sning -<\/title>\n<meta name=\"description\" content=\"Stubbfr\u00e4sning \u00e4r ett skonsamt och effektivt s\u00e4tt att bli av med gamla stubbar. Fr\u00e4sningen utf\u00f6rs med specialmaskin med l\u00e5gt marktryck. V\u00e5ra stubbfr\u00e4sar \u00e4r de modernaste och de mest effektiva i branchen\" \/>\n<meta name=\"robots\" content=\"index, follow, max-snippet:-1, max-image-preview:large, max-video-preview:-1\" \/>\n<link rel=\"canonical\" href=\"https:\/\/www.kungsservice.fi\/palvelut\/tradvard-2\/\" \/>\n<meta property=\"og:locale\" content=\"sv_SE\" \/>\n<meta property=\"og:type\" content=\"article\" \/>\n<meta property=\"og:title\" content=\"Stubbfr\u00e4sning -\" \/>\n<meta property=\"og:description\" content=\"Stubbfr\u00e4sning \u00e4r ett skonsamt och effektivt s\u00e4tt att bli av med gamla stubbar. Fr\u00e4sningen utf\u00f6rs med specialmaskin med l\u00e5gt marktryck. V\u00e5ra stubbfr\u00e4sar \u00e4r de modernaste och de mest effektiva i branchen\" \/>\n<meta property=\"og:url\" content=\"https:\/\/www.kungsservice.fi\/palvelut\/tradvard-2\/\" \/>\n<meta property=\"article:publisher\" content=\"https:\/\/www.facebook.com\/kungsservice\" \/>\n<meta property=\"article:modified_time\" content=\"2025-03-05T09:23:19+00:00\" \/>\n<meta property=\"og:image\" content=\"https:\/\/www.kungsservice.fi\/wp-content\/uploads\/2021\/10\/20210623_144548-1024x768.jpg\" \/>\n<meta name=\"twitter:card\" content=\"summary_large_image\" \/>\n<meta name=\"twitter:label1\" content=\"Ber\u00e4knad l\u00e4stid\" \/>\n\t<meta name=\"twitter:data1\" content=\"2 minuter\" \/>\n<script type=\"application\/ld+json\" class=\"yoast-schema-graph\">{\"@context\":\"https:\/\/schema.org\",\"@graph\":[{\"@type\":\"WebPage\",\"@id\":\"https:\/\/www.kungsservice.fi\/palvelut\/tradvard-2\/\",\"url\":\"https:\/\/www.kungsservice.fi\/palvelut\/tradvard-2\/\",\"name\":\"Stubbfr\u00e4sning -\",\"isPartOf\":{\"@id\":\"https:\/\/www.kungsservice.fi\/sv_SE\/#website\"},\"datePublished\":\"2020-05-12T11:31:30+00:00\",\"dateModified\":\"2025-03-05T09:23:19+00:00\",\"description\":\"Stubbfr\u00e4sning \u00e4r ett skonsamt och effektivt s\u00e4tt att bli av med gamla stubbar. Fr\u00e4sningen utf\u00f6rs med specialmaskin med l\u00e5gt marktryck. V\u00e5ra stubbfr\u00e4sar \u00e4r de modernaste och de mest effektiva i branchen\",\"breadcrumb\":{\"@id\":\"https:\/\/www.kungsservice.fi\/palvelut\/tradvard-2\/#breadcrumb\"},\"inLanguage\":\"sv-SE\",\"potentialAction\":[{\"@type\":\"ReadAction\",\"target\":[\"https:\/\/www.kungsservice.fi\/palvelut\/tradvard-2\/\"]}]},{\"@type\":\"BreadcrumbList\",\"@id\":\"https:\/\/www.kungsservice.fi\/palvelut\/tradvard-2\/#breadcrumb\",\"itemListElement\":[{\"@type\":\"ListItem\",\"position\":1,\"name\":\"Home\",\"item\":\"https:\/\/www.kungsservice.fi\/\"},{\"@type\":\"ListItem\",\"position\":2,\"name\":\"Tj\u00e4nster\",\"item\":\"https:\/\/www.kungsservice.fi\/palvelut\/\"},{\"@type\":\"ListItem\",\"position\":3,\"name\":\"Kantojyrsint\u00e4\"}]},{\"@type\":\"WebSite\",\"@id\":\"https:\/\/www.kungsservice.fi\/sv_SE\/#website\",\"url\":\"https:\/\/www.kungsservice.fi\/sv_SE\/\",\"name\":\"\",\"description\":\"\",\"publisher\":{\"@id\":\"https:\/\/www.kungsservice.fi\/sv_SE\/#organization\"},\"potentialAction\":[{\"@type\":\"SearchAction\",\"target\":{\"@type\":\"EntryPoint\",\"urlTemplate\":\"https:\/\/www.kungsservice.fi\/sv_SE\/?s={search_term_string}\"},\"query-input\":\"required name=search_term_string\"}],\"inLanguage\":\"sv-SE\"},{\"@type\":\"Organization\",\"@id\":\"https:\/\/www.kungsservice.fi\/sv_SE\/#organization\",\"name\":\"Kungs Service\",\"url\":\"https:\/\/www.kungsservice.fi\/sv_SE\/\",\"logo\":{\"@type\":\"ImageObject\",\"inLanguage\":\"sv-SE\",\"@id\":\"https:\/\/www.kungsservice.fi\/sv_SE\/#\/schema\/logo\/image\/\",\"url\":\"https:\/\/www.kungsservice.fi\/wp-content\/uploads\/2021\/03\/cropped-kungs-logo-gr\u00e5-2-3.png\",\"contentUrl\":\"https:\/\/www.kungsservice.fi\/wp-content\/uploads\/2021\/03\/cropped-kungs-logo-gr\u00e5-2-3.png\",\"width\":240,\"height\":134,\"caption\":\"Kungs Service\"},\"image\":{\"@id\":\"https:\/\/www.kungsservice.fi\/sv_SE\/#\/schema\/logo\/image\/\"},\"sameAs\":[\"https:\/\/www.facebook.com\/kungsservice\"]}]}<\/script>\n<!-- \/ Yoast SEO plugin. -->","yoast_head_json":{"title":"Stubbfr\u00e4sning -","description":"Stubbfr\u00e4sning \u00e4r ett skonsamt och effektivt s\u00e4tt att bli av med gamla stubbar. Fr\u00e4sningen utf\u00f6rs med specialmaskin med l\u00e5gt marktryck. V\u00e5ra stubbfr\u00e4sar \u00e4r de modernaste och de mest effektiva i branchen","robots":{"index":"index","follow":"follow","max-snippet":"max-snippet:-1","max-image-preview":"max-image-preview:large","max-video-preview":"max-video-preview:-1"},"canonical":"https:\/\/www.kungsservice.fi\/palvelut\/tradvard-2\/","og_locale":"sv_SE","og_type":"article","og_title":"Stubbfr\u00e4sning -","og_description":"Stubbfr\u00e4sning \u00e4r ett skonsamt och effektivt s\u00e4tt att bli av med gamla stubbar. Fr\u00e4sningen utf\u00f6rs med specialmaskin med l\u00e5gt marktryck. V\u00e5ra stubbfr\u00e4sar \u00e4r de modernaste och de mest effektiva i branchen","og_url":"https:\/\/www.kungsservice.fi\/palvelut\/tradvard-2\/","article_publisher":"https:\/\/www.facebook.com\/kungsservice","article_modified_time":"2025-03-05T09:23:19+00:00","og_image":[{"url":"https:\/\/www.kungsservice.fi\/wp-content\/uploads\/2021\/10\/20210623_144548-1024x768.jpg"}],"twitter_card":"summary_large_image","twitter_misc":{"Ber\u00e4knad l\u00e4stid":"2 minuter"},"schema":{"@context":"https:\/\/schema.org","@graph":[{"@type":"WebPage","@id":"https:\/\/www.kungsservice.fi\/palvelut\/tradvard-2\/","url":"https:\/\/www.kungsservice.fi\/palvelut\/tradvard-2\/","name":"Stubbfr\u00e4sning -","isPartOf":{"@id":"https:\/\/www.kungsservice.fi\/sv_SE\/#website"},"datePublished":"2020-05-12T11:31:30+00:00","dateModified":"2025-03-05T09:23:19+00:00","description":"Stubbfr\u00e4sning \u00e4r ett skonsamt och effektivt s\u00e4tt att bli av med gamla stubbar. Fr\u00e4sningen utf\u00f6rs med specialmaskin med l\u00e5gt marktryck. V\u00e5ra stubbfr\u00e4sar \u00e4r de modernaste och de mest effektiva i branchen","breadcrumb":{"@id":"https:\/\/www.kungsservice.fi\/palvelut\/tradvard-2\/#breadcrumb"},"inLanguage":"sv-SE","potentialAction":[{"@type":"ReadAction","target":["https:\/\/www.kungsservice.fi\/palvelut\/tradvard-2\/"]}]},{"@type":"BreadcrumbList","@id":"https:\/\/www.kungsservice.fi\/palvelut\/tradvard-2\/#breadcrumb","itemListElement":[{"@type":"ListItem","position":1,"name":"Home","item":"https:\/\/www.kungsservice.fi\/"},{"@type":"ListItem","position":2,"name":"Tj\u00e4nster","item":"https:\/\/www.kungsservice.fi\/palvelut\/"},{"@type":"ListItem","position":3,"name":"Kantojyrsint\u00e4"}]},{"@type":"WebSite","@id":"https:\/\/www.kungsservice.fi\/sv_SE\/#website","url":"https:\/\/www.kungsservice.fi\/sv_SE\/","name":"","description":"","publisher":{"@id":"https:\/\/www.kungsservice.fi\/sv_SE\/#organization"},"potentialAction":[{"@type":"SearchAction","target":{"@type":"EntryPoint","urlTemplate":"https:\/\/www.kungsservice.fi\/sv_SE\/?s={search_term_string}"},"query-input":"required name=search_term_string"}],"inLanguage":"sv-SE"},{"@type":"Organization","@id":"https:\/\/www.kungsservice.fi\/sv_SE\/#organization","name":"Kungs Service","url":"https:\/\/www.kungsservice.fi\/sv_SE\/","logo":{"@type":"ImageObject","inLanguage":"sv-SE","@id":"https:\/\/www.kungsservice.fi\/sv_SE\/#\/schema\/logo\/image\/","url":"https:\/\/www.kungsservice.fi\/wp-content\/uploads\/2021\/03\/cropped-kungs-logo-gr\u00e5-2-3.png","contentUrl":"https:\/\/www.kungsservice.fi\/wp-content\/uploads\/2021\/03\/cropped-kungs-logo-gr\u00e5-2-3.png","width":240,"height":134,"caption":"Kungs Service"},"image":{"@id":"https:\/\/www.kungsservice.fi\/sv_SE\/#\/schema\/logo\/image\/"},"sameAs":["https:\/\/www.facebook.com\/kungsservice"]}]}},"_links":{"self":[{"href":"https:\/\/www.kungsservice.fi\/sv_SE\/wp-json\/wp\/v2\/pages\/139"}],"collection":[{"href":"https:\/\/www.kungsservice.fi\/sv_SE\/wp-json\/wp\/v2\/pages"}],"about":[{"href":"https:\/\/www.kungsservice.fi\/sv_SE\/wp-json\/wp\/v2\/types\/page"}],"author":[{"embeddable":true,"href":"https:\/\/www.kungsservice.fi\/sv_SE\/wp-json\/wp\/v2\/users\/1"}],"replies":[{"embeddable":true,"href":"https:\/\/www.kungsservice.fi\/sv_SE\/wp-json\/wp\/v2\/comments?post=139"}],"version-history":[{"count":29,"href":"https:\/\/www.kungsservice.fi\/sv_SE\/wp-json\/wp\/v2\/pages\/139\/revisions"}],"predecessor-version":[{"id":1190,"href":"https:\/\/www.kungsservice.fi\/sv_SE\/wp-json\/wp\/v2\/pages\/139\/revisions\/1190"}],"up":[{"embeddable":true,"href":"https:\/\/www.kungsservice.fi\/sv_SE\/wp-json\/wp\/v2\/pages\/654"}],"wp:attachment":[{"href":"https:\/\/www.kungsservice.fi\/sv_SE\/wp-json\/wp\/v2\/media?parent=139"}],"curies":[{"name":"wp","href":"https:\/\/api.w.org\/{rel}","templated":true}]}}