{"id":141,"date":"2020-05-12T14:31:54","date_gmt":"2020-05-12T11:31:54","guid":{"rendered":"https:\/\/whm18.louhi.net\/~kungsser\/?page_id=141"},"modified":"2025-03-05T11:23:44","modified_gmt":"2025-03-05T09:23:44","slug":"fastighetsservice","status":"publish","type":"page","link":"https:\/\/www.kungsservice.fi\/sv_SE\/palvelut\/fastighetsservice\/","title":{"rendered":"Fastighetsservice"},"content":{"rendered":"<h2>Vi tar hand om utsidan<\/h2>\n<p>Alla fastigheter beh\u00f6ver regelbundet underh\u00e5ll. Du kan anlita oss f\u00f6r tr\u00e4dg\u00e5rds &#038; rabattarbeten, gr\u00e4sklippning, r\u00f6jningsarbeten, halkbek\u00e4mpning, sn\u00f6skottning, utomhusst\u00e4dning och sopning av asfalt &#038; borstning av plattor m.m. Vi utf\u00f6r \u00e4ven mindre arbeten inomhus. Ta kontakt f\u00f6r mer information!<\/p>\n<p>I v\u00e5r maskinpark finns de flesta verktyg f\u00f6r en bra v\u00e5rd av era fastigheter, Vi erbjuder v\u00e5ra tj\u00e4nster \u00e5t privatpersoner, f\u00f6retag och husbolag med flera.<\/p>\n<p><img decoding=\"async\" loading=\"lazy\" src=\"https:\/\/www.kungsservice.fi\/wp-content\/uploads\/2020\/05\/NewFrame5-1024x213.jpg\" alt=\"\" width=\"1024\" height=\"213\" class=\"aligncenter size-large wp-image-317\" srcset=\"https:\/\/www.kungsservice.fi\/wp-content\/uploads\/2020\/05\/NewFrame5-1024x213.jpg 1024w, https:\/\/www.kungsservice.fi\/wp-content\/uploads\/2020\/05\/NewFrame5-300x63.jpg 300w, https:\/\/www.kungsservice.fi\/wp-content\/uploads\/2020\/05\/NewFrame5-768x160.jpg 768w, https:\/\/www.kungsservice.fi\/wp-content\/uploads\/2020\/05\/NewFrame5-1536x320.jpg 1536w, https:\/\/www.kungsservice.fi\/wp-content\/uploads\/2020\/05\/NewFrame5.jpg 1920w\" sizes=\"(max-width: 1024px) 100vw, 1024px\" \/><br \/>\n<img decoding=\"async\" loading=\"lazy\" src=\"https:\/\/www.kungsservice.fi\/wp-content\/uploads\/2022\/03\/IMG-20211124-WA0002-1024x461.jpg\" alt=\"\" width=\"600\" height=\"400\" class=\"aligncenter size-large wp-image-1034\" \/><br \/>\n<img decoding=\"async\" loading=\"lazy\" src=\"https:\/\/www.kungsservice.fi\/wp-content\/uploads\/2021\/12\/20211126_083000-1024x768.jpg\" alt=\"\" width=\"600\" height=\"400\" class=\"aligncenter size-large wp-image-937\" \/><br \/>\n<img decoding=\"async\" loading=\"lazy\" src=\"https:\/\/whm18.louhi.net\/~kungsser\/wp-content\/uploads\/2020\/05\/montering_Av_polar1.jpg\" alt=\"\" width=\"600\" height=\"400\" class=\"alignnone size-full wp-image-251\" \/><br \/>\n<img decoding=\"async\" loading=\"lazy\" src=\"https:\/\/www.kungsservice.fi\/wp-content\/uploads\/2021\/11\/IMG-20210413-WA0003-1024x768.jpg\" alt=\"\" width=\"600\" height=\"400\" class=\"aligncenter size-large wp-image-920\" \/><\/p>\n<p><img decoding=\"async\" loading=\"lazy\" src=\"https:\/\/whm18.louhi.net\/~kungsser\/wp-content\/uploads\/2020\/05\/graskarare.jpg\" alt=\"\" width=\"600\" height=\"400\" class=\"alignnone size-full wp-image-265\" \/><\/p>\n","protected":false},"excerpt":{"rendered":"<h2>Vi tar hand om utsidan<\/h2>\n<p>Alla fastigheter beh\u00f6ver regelbundet underh\u00e5ll. Du kan anlita oss f\u00f6r tr\u00e4dg\u00e5rds &#038; rabattarbeten, gr\u00e4sklippning, r\u00f6jningsarbeten, halkbek\u00e4mpning, sn\u00f6skottning, utomhusst\u00e4dning och sopning av asfalt &#038; borstning av platt&#8230;<\/p>\n","protected":false},"author":1,"featured_media":0,"parent":654,"menu_order":11,"comment_status":"closed","ping_status":"closed","template":"","meta":[],"yoast_head":"<!-- This site is optimized with the Yoast SEO plugin v19.9 - https:\/\/yoast.com\/wordpress\/plugins\/seo\/ -->\n<title>Fastighetsservice -<\/title>\n<meta name=\"robots\" content=\"index, follow, max-snippet:-1, max-image-preview:large, max-video-preview:-1\" \/>\n<link rel=\"canonical\" href=\"https:\/\/www.kungsservice.fi\/palvelut\/fastighetsservice\/\" \/>\n<meta property=\"og:locale\" content=\"sv_SE\" \/>\n<meta property=\"og:type\" content=\"article\" \/>\n<meta property=\"og:title\" content=\"Fastighetsservice -\" \/>\n<meta property=\"og:description\" content=\"Vi tar hand om utsidan Alla fastigheter beh\u00f6ver regelbundet underh\u00e5ll. Du kan anlita oss f\u00f6r tr\u00e4dg\u00e5rds &amp; rabattarbeten, gr\u00e4sklippning, r\u00f6jningsarbeten, halkbek\u00e4mpning, sn\u00f6skottning, utomhusst\u00e4dning och sopning av asfalt &amp; borstning av platt...\" \/>\n<meta property=\"og:url\" content=\"https:\/\/www.kungsservice.fi\/palvelut\/fastighetsservice\/\" \/>\n<meta property=\"article:publisher\" content=\"https:\/\/www.facebook.com\/kungsservice\" \/>\n<meta property=\"article:modified_time\" content=\"2025-03-05T09:23:44+00:00\" \/>\n<meta property=\"og:image\" content=\"https:\/\/www.kungsservice.fi\/wp-content\/uploads\/2020\/05\/NewFrame5-1024x213.jpg\" \/>\n<meta name=\"twitter:card\" content=\"summary_large_image\" \/>\n<meta name=\"twitter:label1\" content=\"Ber\u00e4knad l\u00e4stid\" \/>\n\t<meta name=\"twitter:data1\" content=\"2 minuter\" \/>\n<script type=\"application\/ld+json\" class=\"yoast-schema-graph\">{\"@context\":\"https:\/\/schema.org\",\"@graph\":[{\"@type\":\"WebPage\",\"@id\":\"https:\/\/www.kungsservice.fi\/palvelut\/fastighetsservice\/\",\"url\":\"https:\/\/www.kungsservice.fi\/palvelut\/fastighetsservice\/\",\"name\":\"Fastighetsservice -\",\"isPartOf\":{\"@id\":\"https:\/\/www.kungsservice.fi\/sv_SE\/#website\"},\"datePublished\":\"2020-05-12T11:31:54+00:00\",\"dateModified\":\"2025-03-05T09:23:44+00:00\",\"breadcrumb\":{\"@id\":\"https:\/\/www.kungsservice.fi\/palvelut\/fastighetsservice\/#breadcrumb\"},\"inLanguage\":\"sv-SE\",\"potentialAction\":[{\"@type\":\"ReadAction\",\"target\":[\"https:\/\/www.kungsservice.fi\/palvelut\/fastighetsservice\/\"]}]},{\"@type\":\"BreadcrumbList\",\"@id\":\"https:\/\/www.kungsservice.fi\/palvelut\/fastighetsservice\/#breadcrumb\",\"itemListElement\":[{\"@type\":\"ListItem\",\"position\":1,\"name\":\"Home\",\"item\":\"https:\/\/www.kungsservice.fi\/\"},{\"@type\":\"ListItem\",\"position\":2,\"name\":\"Tj\u00e4nster\",\"item\":\"https:\/\/www.kungsservice.fi\/palvelut\/\"},{\"@type\":\"ListItem\",\"position\":3,\"name\":\"Kiinteist\u00f6palvelut\"}]},{\"@type\":\"WebSite\",\"@id\":\"https:\/\/www.kungsservice.fi\/sv_SE\/#website\",\"url\":\"https:\/\/www.kungsservice.fi\/sv_SE\/\",\"name\":\"\",\"description\":\"\",\"publisher\":{\"@id\":\"https:\/\/www.kungsservice.fi\/sv_SE\/#organization\"},\"potentialAction\":[{\"@type\":\"SearchAction\",\"target\":{\"@type\":\"EntryPoint\",\"urlTemplate\":\"https:\/\/www.kungsservice.fi\/sv_SE\/?s={search_term_string}\"},\"query-input\":\"required name=search_term_string\"}],\"inLanguage\":\"sv-SE\"},{\"@type\":\"Organization\",\"@id\":\"https:\/\/www.kungsservice.fi\/sv_SE\/#organization\",\"name\":\"Kungs Service\",\"url\":\"https:\/\/www.kungsservice.fi\/sv_SE\/\",\"logo\":{\"@type\":\"ImageObject\",\"inLanguage\":\"sv-SE\",\"@id\":\"https:\/\/www.kungsservice.fi\/sv_SE\/#\/schema\/logo\/image\/\",\"url\":\"https:\/\/www.kungsservice.fi\/wp-content\/uploads\/2021\/03\/cropped-kungs-logo-gr\u00e5-2-3.png\",\"contentUrl\":\"https:\/\/www.kungsservice.fi\/wp-content\/uploads\/2021\/03\/cropped-kungs-logo-gr\u00e5-2-3.png\",\"width\":240,\"height\":134,\"caption\":\"Kungs Service\"},\"image\":{\"@id\":\"https:\/\/www.kungsservice.fi\/sv_SE\/#\/schema\/logo\/image\/\"},\"sameAs\":[\"https:\/\/www.facebook.com\/kungsservice\"]}]}<\/script>\n<!-- \/ Yoast SEO plugin. -->","yoast_head_json":{"title":"Fastighetsservice -","robots":{"index":"index","follow":"follow","max-snippet":"max-snippet:-1","max-image-preview":"max-image-preview:large","max-video-preview":"max-video-preview:-1"},"canonical":"https:\/\/www.kungsservice.fi\/palvelut\/fastighetsservice\/","og_locale":"sv_SE","og_type":"article","og_title":"Fastighetsservice -","og_description":"Vi tar hand om utsidan Alla fastigheter beh\u00f6ver regelbundet underh\u00e5ll. Du kan anlita oss f\u00f6r tr\u00e4dg\u00e5rds & rabattarbeten, gr\u00e4sklippning, r\u00f6jningsarbeten, halkbek\u00e4mpning, sn\u00f6skottning, utomhusst\u00e4dning och sopning av asfalt & borstning av platt...","og_url":"https:\/\/www.kungsservice.fi\/palvelut\/fastighetsservice\/","article_publisher":"https:\/\/www.facebook.com\/kungsservice","article_modified_time":"2025-03-05T09:23:44+00:00","og_image":[{"url":"https:\/\/www.kungsservice.fi\/wp-content\/uploads\/2020\/05\/NewFrame5-1024x213.jpg"}],"twitter_card":"summary_large_image","twitter_misc":{"Ber\u00e4knad l\u00e4stid":"2 minuter"},"schema":{"@context":"https:\/\/schema.org","@graph":[{"@type":"WebPage","@id":"https:\/\/www.kungsservice.fi\/palvelut\/fastighetsservice\/","url":"https:\/\/www.kungsservice.fi\/palvelut\/fastighetsservice\/","name":"Fastighetsservice -","isPartOf":{"@id":"https:\/\/www.kungsservice.fi\/sv_SE\/#website"},"datePublished":"2020-05-12T11:31:54+00:00","dateModified":"2025-03-05T09:23:44+00:00","breadcrumb":{"@id":"https:\/\/www.kungsservice.fi\/palvelut\/fastighetsservice\/#breadcrumb"},"inLanguage":"sv-SE","potentialAction":[{"@type":"ReadAction","target":["https:\/\/www.kungsservice.fi\/palvelut\/fastighetsservice\/"]}]},{"@type":"BreadcrumbList","@id":"https:\/\/www.kungsservice.fi\/palvelut\/fastighetsservice\/#breadcrumb","itemListElement":[{"@type":"ListItem","position":1,"name":"Home","item":"https:\/\/www.kungsservice.fi\/"},{"@type":"ListItem","position":2,"name":"Tj\u00e4nster","item":"https:\/\/www.kungsservice.fi\/palvelut\/"},{"@type":"ListItem","position":3,"name":"Kiinteist\u00f6palvelut"}]},{"@type":"WebSite","@id":"https:\/\/www.kungsservice.fi\/sv_SE\/#website","url":"https:\/\/www.kungsservice.fi\/sv_SE\/","name":"","description":"","publisher":{"@id":"https:\/\/www.kungsservice.fi\/sv_SE\/#organization"},"potentialAction":[{"@type":"SearchAction","target":{"@type":"EntryPoint","urlTemplate":"https:\/\/www.kungsservice.fi\/sv_SE\/?s={search_term_string}"},"query-input":"required name=search_term_string"}],"inLanguage":"sv-SE"},{"@type":"Organization","@id":"https:\/\/www.kungsservice.fi\/sv_SE\/#organization","name":"Kungs Service","url":"https:\/\/www.kungsservice.fi\/sv_SE\/","logo":{"@type":"ImageObject","inLanguage":"sv-SE","@id":"https:\/\/www.kungsservice.fi\/sv_SE\/#\/schema\/logo\/image\/","url":"https:\/\/www.kungsservice.fi\/wp-content\/uploads\/2021\/03\/cropped-kungs-logo-gr\u00e5-2-3.png","contentUrl":"https:\/\/www.kungsservice.fi\/wp-content\/uploads\/2021\/03\/cropped-kungs-logo-gr\u00e5-2-3.png","width":240,"height":134,"caption":"Kungs Service"},"image":{"@id":"https:\/\/www.kungsservice.fi\/sv_SE\/#\/schema\/logo\/image\/"},"sameAs":["https:\/\/www.facebook.com\/kungsservice"]}]}},"_links":{"self":[{"href":"https:\/\/www.kungsservice.fi\/sv_SE\/wp-json\/wp\/v2\/pages\/141"}],"collection":[{"href":"https:\/\/www.kungsservice.fi\/sv_SE\/wp-json\/wp\/v2\/pages"}],"about":[{"href":"https:\/\/www.kungsservice.fi\/sv_SE\/wp-json\/wp\/v2\/types\/page"}],"author":[{"embeddable":true,"href":"https:\/\/www.kungsservice.fi\/sv_SE\/wp-json\/wp\/v2\/users\/1"}],"replies":[{"embeddable":true,"href":"https:\/\/www.kungsservice.fi\/sv_SE\/wp-json\/wp\/v2\/comments?post=141"}],"version-history":[{"count":39,"href":"https:\/\/www.kungsservice.fi\/sv_SE\/wp-json\/wp\/v2\/pages\/141\/revisions"}],"predecessor-version":[{"id":1192,"href":"https:\/\/www.kungsservice.fi\/sv_SE\/wp-json\/wp\/v2\/pages\/141\/revisions\/1192"}],"up":[{"embeddable":true,"href":"https:\/\/www.kungsservice.fi\/sv_SE\/wp-json\/wp\/v2\/pages\/654"}],"wp:attachment":[{"href":"https:\/\/www.kungsservice.fi\/sv_SE\/wp-json\/wp\/v2\/media?parent=141"}],"curies":[{"name":"wp","href":"https:\/\/api.w.org\/{rel}","templated":true}]}}