{"id":17,"date":"2020-04-23T10:22:00","date_gmt":"2020-04-23T07:22:00","guid":{"rendered":"http:\/\/whm18.louhi.net\/~kungsser\/?page_id=17"},"modified":"2022-03-10T13:43:21","modified_gmt":"2022-03-10T11:43:21","slug":"startsida","status":"publish","type":"page","link":"https:\/\/www.kungsservice.fi\/sv_SE\/","title":{"rendered":"Startsida"},"content":{"rendered":"<h2> Ditt proffs i tr\u00e4dg\u00e5rden \u2013 \u00e5ret om<\/h2>\n<p>Kungs Service \u00e4r ett v\u00e4letablerat servicef\u00f6retag med m\u00e5ng\u00e5rig erfarenhet och stor maskinpark.<\/p>\n<p>Vi v\u00e4rdes\u00e4tter kontakten med v\u00e5ra kunder, och tror p\u00e5 ett personligt bem\u00f6tande. Vi \u00e4r flexibla och har en brett utbud av tj\u00e4nster \u2013 Hos oss f\u00e5r du allt fr\u00e5n tr\u00e4dg\u00e5rdstj\u00e4nster s\u00e5som anl\u00e4ggning,  tr\u00e4df\u00e4llning, gr\u00e4sklippning och h\u00e4ckklippning till underh\u00e5ll av fotbollsplaner b\u00e5de inom och utomhus. Vi satsar p\u00e5 kvalitet och p\u00e5 att leverera b\u00e4sta m\u00f6jliga resultat.<\/p>\n<p><strong>Vad beh\u00f6ver du hj\u00e4lp med?<\/strong><\/p>\n<p>Ta kontakt med oss, s\u00e5 l\u00f6ser vi det tillsammans.<\/p>\n<p><img decoding=\"async\" loading=\"lazy\" src=\"https:\/\/www.kungsservice.fi\/wp-content\/uploads\/2021\/05\/nudu-1024x426.jpg\" alt=\"\" width=\"1024\" height=\"426\" class=\"aligncenter size-large wp-image-859\" srcset=\"https:\/\/www.kungsservice.fi\/wp-content\/uploads\/2021\/05\/nudu-1024x426.jpg 1024w, https:\/\/www.kungsservice.fi\/wp-content\/uploads\/2021\/05\/nudu-300x125.jpg 300w, https:\/\/www.kungsservice.fi\/wp-content\/uploads\/2021\/05\/nudu-768x320.jpg 768w, https:\/\/www.kungsservice.fi\/wp-content\/uploads\/2021\/05\/nudu-1536x639.jpg 1536w, https:\/\/www.kungsservice.fi\/wp-content\/uploads\/2021\/05\/nudu-2048x853.jpg 2048w\" sizes=\"(max-width: 1024px) 100vw, 1024px\" \/><\/p>\n","protected":false},"excerpt":{"rendered":"<h2> Ditt proffs i tr\u00e4dg\u00e5rden \u2013 \u00e5ret om<\/h2>\n<p>Kungs Service \u00e4r ett v\u00e4letablerat servicef\u00f6retag med m\u00e5ng\u00e5rig erfarenhet och stor maskinpark.<\/p>\n<p>Vi v\u00e4rdes\u00e4tter kontakten med v\u00e5ra kunder, och tror p\u00e5 ett personligt bem\u00f6tande. Vi \u00e4r flexibla och har &#8230;<\/p>\n","protected":false},"author":1,"featured_media":0,"parent":0,"menu_order":1,"comment_status":"closed","ping_status":"closed","template":"","meta":[],"yoast_head":"<!-- This site is optimized with the Yoast SEO plugin v19.9 - https:\/\/yoast.com\/wordpress\/plugins\/seo\/ -->\n<title>Startsida -<\/title>\n<meta name=\"description\" content=\"Beh\u00f6ver du hj\u00e4lp tr\u00e4dg\u00e5rden? Kungs Service \u00e4r ett v\u00e4letablerat servicef\u00f6retag med m\u00e5ng\u00e5rig erfarenhet inom tr\u00e4dg\u00e5rdsv\u00e5rd och stor maskinpark.\" \/>\n<meta name=\"robots\" content=\"index, follow, max-snippet:-1, max-image-preview:large, max-video-preview:-1\" \/>\n<link rel=\"canonical\" href=\"https:\/\/www.kungsservice.fi\/\" \/>\n<meta property=\"og:locale\" content=\"sv_SE\" \/>\n<meta property=\"og:type\" content=\"article\" \/>\n<meta property=\"og:title\" content=\"Startsida -\" \/>\n<meta property=\"og:description\" content=\"Beh\u00f6ver du hj\u00e4lp tr\u00e4dg\u00e5rden? Kungs Service \u00e4r ett v\u00e4letablerat servicef\u00f6retag med m\u00e5ng\u00e5rig erfarenhet inom tr\u00e4dg\u00e5rdsv\u00e5rd och stor maskinpark.\" \/>\n<meta property=\"og:url\" content=\"https:\/\/www.kungsservice.fi\/\" \/>\n<meta property=\"article:publisher\" content=\"https:\/\/www.facebook.com\/kungsservice\" \/>\n<meta property=\"article:modified_time\" content=\"2022-03-10T11:43:21+00:00\" \/>\n<meta property=\"og:image\" content=\"https:\/\/www.kungsservice.fi\/wp-content\/uploads\/2021\/05\/nudu-1024x426.jpg\" \/>\n<meta name=\"twitter:card\" content=\"summary_large_image\" \/>\n<meta name=\"twitter:label1\" content=\"Ber\u00e4knad l\u00e4stid\" \/>\n\t<meta name=\"twitter:data1\" content=\"1 minut\" \/>\n<script type=\"application\/ld+json\" class=\"yoast-schema-graph\">{\"@context\":\"https:\/\/schema.org\",\"@graph\":[{\"@type\":\"WebPage\",\"@id\":\"https:\/\/www.kungsservice.fi\/\",\"url\":\"https:\/\/www.kungsservice.fi\/\",\"name\":\"Startsida -\",\"isPartOf\":{\"@id\":\"https:\/\/www.kungsservice.fi\/sv_SE\/#website\"},\"datePublished\":\"2020-04-23T07:22:00+00:00\",\"dateModified\":\"2022-03-10T11:43:21+00:00\",\"description\":\"Beh\u00f6ver du hj\u00e4lp tr\u00e4dg\u00e5rden? Kungs Service \u00e4r ett v\u00e4letablerat servicef\u00f6retag med m\u00e5ng\u00e5rig erfarenhet inom tr\u00e4dg\u00e5rdsv\u00e5rd och stor maskinpark.\",\"breadcrumb\":{\"@id\":\"https:\/\/www.kungsservice.fi\/#breadcrumb\"},\"inLanguage\":\"sv-SE\",\"potentialAction\":[{\"@type\":\"ReadAction\",\"target\":[\"https:\/\/www.kungsservice.fi\/\"]}]},{\"@type\":\"BreadcrumbList\",\"@id\":\"https:\/\/www.kungsservice.fi\/#breadcrumb\",\"itemListElement\":[{\"@type\":\"ListItem\",\"position\":1,\"name\":\"Home\",\"item\":\"https:\/\/www.kungsservice.fi\/\"},{\"@type\":\"ListItem\",\"position\":2,\"name\":\"Startsida\"}]},{\"@type\":\"WebSite\",\"@id\":\"https:\/\/www.kungsservice.fi\/sv_SE\/#website\",\"url\":\"https:\/\/www.kungsservice.fi\/sv_SE\/\",\"name\":\"\",\"description\":\"\",\"publisher\":{\"@id\":\"https:\/\/www.kungsservice.fi\/sv_SE\/#organization\"},\"potentialAction\":[{\"@type\":\"SearchAction\",\"target\":{\"@type\":\"EntryPoint\",\"urlTemplate\":\"https:\/\/www.kungsservice.fi\/sv_SE\/?s={search_term_string}\"},\"query-input\":\"required name=search_term_string\"}],\"inLanguage\":\"sv-SE\"},{\"@type\":\"Organization\",\"@id\":\"https:\/\/www.kungsservice.fi\/sv_SE\/#organization\",\"name\":\"Kungs Service\",\"url\":\"https:\/\/www.kungsservice.fi\/sv_SE\/\",\"logo\":{\"@type\":\"ImageObject\",\"inLanguage\":\"sv-SE\",\"@id\":\"https:\/\/www.kungsservice.fi\/sv_SE\/#\/schema\/logo\/image\/\",\"url\":\"https:\/\/www.kungsservice.fi\/wp-content\/uploads\/2021\/03\/cropped-kungs-logo-gr\u00e5-2-3.png\",\"contentUrl\":\"https:\/\/www.kungsservice.fi\/wp-content\/uploads\/2021\/03\/cropped-kungs-logo-gr\u00e5-2-3.png\",\"width\":240,\"height\":134,\"caption\":\"Kungs Service\"},\"image\":{\"@id\":\"https:\/\/www.kungsservice.fi\/sv_SE\/#\/schema\/logo\/image\/\"},\"sameAs\":[\"https:\/\/www.facebook.com\/kungsservice\"]}]}<\/script>\n<!-- \/ Yoast SEO plugin. -->","yoast_head_json":{"title":"Startsida -","description":"Beh\u00f6ver du hj\u00e4lp tr\u00e4dg\u00e5rden? Kungs Service \u00e4r ett v\u00e4letablerat servicef\u00f6retag med m\u00e5ng\u00e5rig erfarenhet inom tr\u00e4dg\u00e5rdsv\u00e5rd och stor maskinpark.","robots":{"index":"index","follow":"follow","max-snippet":"max-snippet:-1","max-image-preview":"max-image-preview:large","max-video-preview":"max-video-preview:-1"},"canonical":"https:\/\/www.kungsservice.fi\/","og_locale":"sv_SE","og_type":"article","og_title":"Startsida -","og_description":"Beh\u00f6ver du hj\u00e4lp tr\u00e4dg\u00e5rden? Kungs Service \u00e4r ett v\u00e4letablerat servicef\u00f6retag med m\u00e5ng\u00e5rig erfarenhet inom tr\u00e4dg\u00e5rdsv\u00e5rd och stor maskinpark.","og_url":"https:\/\/www.kungsservice.fi\/","article_publisher":"https:\/\/www.facebook.com\/kungsservice","article_modified_time":"2022-03-10T11:43:21+00:00","og_image":[{"url":"https:\/\/www.kungsservice.fi\/wp-content\/uploads\/2021\/05\/nudu-1024x426.jpg"}],"twitter_card":"summary_large_image","twitter_misc":{"Ber\u00e4knad l\u00e4stid":"1 minut"},"schema":{"@context":"https:\/\/schema.org","@graph":[{"@type":"WebPage","@id":"https:\/\/www.kungsservice.fi\/","url":"https:\/\/www.kungsservice.fi\/","name":"Startsida -","isPartOf":{"@id":"https:\/\/www.kungsservice.fi\/sv_SE\/#website"},"datePublished":"2020-04-23T07:22:00+00:00","dateModified":"2022-03-10T11:43:21+00:00","description":"Beh\u00f6ver du hj\u00e4lp tr\u00e4dg\u00e5rden? Kungs Service \u00e4r ett v\u00e4letablerat servicef\u00f6retag med m\u00e5ng\u00e5rig erfarenhet inom tr\u00e4dg\u00e5rdsv\u00e5rd och stor maskinpark.","breadcrumb":{"@id":"https:\/\/www.kungsservice.fi\/#breadcrumb"},"inLanguage":"sv-SE","potentialAction":[{"@type":"ReadAction","target":["https:\/\/www.kungsservice.fi\/"]}]},{"@type":"BreadcrumbList","@id":"https:\/\/www.kungsservice.fi\/#breadcrumb","itemListElement":[{"@type":"ListItem","position":1,"name":"Home","item":"https:\/\/www.kungsservice.fi\/"},{"@type":"ListItem","position":2,"name":"Startsida"}]},{"@type":"WebSite","@id":"https:\/\/www.kungsservice.fi\/sv_SE\/#website","url":"https:\/\/www.kungsservice.fi\/sv_SE\/","name":"","description":"","publisher":{"@id":"https:\/\/www.kungsservice.fi\/sv_SE\/#organization"},"potentialAction":[{"@type":"SearchAction","target":{"@type":"EntryPoint","urlTemplate":"https:\/\/www.kungsservice.fi\/sv_SE\/?s={search_term_string}"},"query-input":"required name=search_term_string"}],"inLanguage":"sv-SE"},{"@type":"Organization","@id":"https:\/\/www.kungsservice.fi\/sv_SE\/#organization","name":"Kungs Service","url":"https:\/\/www.kungsservice.fi\/sv_SE\/","logo":{"@type":"ImageObject","inLanguage":"sv-SE","@id":"https:\/\/www.kungsservice.fi\/sv_SE\/#\/schema\/logo\/image\/","url":"https:\/\/www.kungsservice.fi\/wp-content\/uploads\/2021\/03\/cropped-kungs-logo-gr\u00e5-2-3.png","contentUrl":"https:\/\/www.kungsservice.fi\/wp-content\/uploads\/2021\/03\/cropped-kungs-logo-gr\u00e5-2-3.png","width":240,"height":134,"caption":"Kungs Service"},"image":{"@id":"https:\/\/www.kungsservice.fi\/sv_SE\/#\/schema\/logo\/image\/"},"sameAs":["https:\/\/www.facebook.com\/kungsservice"]}]}},"_links":{"self":[{"href":"https:\/\/www.kungsservice.fi\/sv_SE\/wp-json\/wp\/v2\/pages\/17"}],"collection":[{"href":"https:\/\/www.kungsservice.fi\/sv_SE\/wp-json\/wp\/v2\/pages"}],"about":[{"href":"https:\/\/www.kungsservice.fi\/sv_SE\/wp-json\/wp\/v2\/types\/page"}],"author":[{"embeddable":true,"href":"https:\/\/www.kungsservice.fi\/sv_SE\/wp-json\/wp\/v2\/users\/1"}],"replies":[{"embeddable":true,"href":"https:\/\/www.kungsservice.fi\/sv_SE\/wp-json\/wp\/v2\/comments?post=17"}],"version-history":[{"count":43,"href":"https:\/\/www.kungsservice.fi\/sv_SE\/wp-json\/wp\/v2\/pages\/17\/revisions"}],"predecessor-version":[{"id":1015,"href":"https:\/\/www.kungsservice.fi\/sv_SE\/wp-json\/wp\/v2\/pages\/17\/revisions\/1015"}],"wp:attachment":[{"href":"https:\/\/www.kungsservice.fi\/sv_SE\/wp-json\/wp\/v2\/media?parent=17"}],"curies":[{"name":"wp","href":"https:\/\/api.w.org\/{rel}","templated":true}]}}