{"id":543,"date":"2020-06-02T13:40:27","date_gmt":"2020-06-02T10:40:27","guid":{"rendered":"https:\/\/whm18.louhi.net\/~kungsser\/?page_id=543"},"modified":"2021-11-04T14:25:23","modified_gmt":"2021-11-04T12:25:23","slug":"var","status":"publish","type":"page","link":"https:\/\/www.kungsservice.fi\/sv_SE\/startsida\/var\/","title":{"rendered":"V\u00c5R"},"content":{"rendered":"<p>V\u00e5ren \u00e4r \u00e5rstiden n\u00e4r allt vaknar till liv. Gatorna sopas rena, gr\u00e4smattan ska kalkas och g\u00f6dslas och v\u00e4xterna ska besk\u00e4ras. L\u00e5t oss ta hand om grovjobbet \u2013 s\u00e5 hinner du njuta av v\u00e4rmen och ljuset.<\/p>\n<p><img decoding=\"async\" loading=\"lazy\" src=\"https:\/\/www.kungsservice.fi\/wp-content\/uploads\/2021\/11\/IMG-20210413-WA0003-1024x768.jpg\" alt=\"\" width=\"1024\" height=\"768\" class=\"aligncenter size-large wp-image-920\" srcset=\"https:\/\/www.kungsservice.fi\/wp-content\/uploads\/2021\/11\/IMG-20210413-WA0003-1024x768.jpg 1024w, https:\/\/www.kungsservice.fi\/wp-content\/uploads\/2021\/11\/IMG-20210413-WA0003-300x225.jpg 300w, https:\/\/www.kungsservice.fi\/wp-content\/uploads\/2021\/11\/IMG-20210413-WA0003-768x576.jpg 768w, https:\/\/www.kungsservice.fi\/wp-content\/uploads\/2021\/11\/IMG-20210413-WA0003-1536x1153.jpg 1536w, https:\/\/www.kungsservice.fi\/wp-content\/uploads\/2021\/11\/IMG-20210413-WA0003.jpg 1599w\" sizes=\"(max-width: 1024px) 100vw, 1024px\" \/><\/p>\n<p><img decoding=\"async\" loading=\"lazy\" src=\"https:\/\/whm18.louhi.net\/~kungsser\/wp-content\/uploads\/2020\/06\/var1.jpg\" alt=\"\" width=\"800\" height=\"599\" class=\"alignnone size-full wp-image-544\" srcset=\"https:\/\/www.kungsservice.fi\/wp-content\/uploads\/2020\/06\/var1.jpg 800w, https:\/\/www.kungsservice.fi\/wp-content\/uploads\/2020\/06\/var1-300x225.jpg 300w, https:\/\/www.kungsservice.fi\/wp-content\/uploads\/2020\/06\/var1-768x575.jpg 768w\" sizes=\"(max-width: 800px) 100vw, 800px\" \/><\/p>\n","protected":false},"excerpt":{"rendered":"<p>V\u00e5ren \u00e4r \u00e5rstiden n\u00e4r allt vaknar till liv. Gatorna sopas rena, gr\u00e4smattan ska kalkas och g\u00f6dslas och v\u00e4xterna ska besk\u00e4ras. L\u00e5t oss ta hand om grovjobbet \u2013 s\u00e5 hinner du njuta av v\u00e4rmen och ljuset.<\/p>\n<p><img decoding=\"async\" src=\"https:\/\/www.kungsservice.fi\/wp-content\/...\n<\/p>\n","protected":false},"author":1,"featured_media":0,"parent":17,"menu_order":3,"comment_status":"closed","ping_status":"closed","template":"","meta":[],"yoast_head":"<!-- This site is optimized with the Yoast SEO plugin v19.9 - https:\/\/yoast.com\/wordpress\/plugins\/seo\/ -->\n<title>V\u00c5R -<\/title>\n<meta name=\"robots\" content=\"index, follow, max-snippet:-1, max-image-preview:large, max-video-preview:-1\" \/>\n<link rel=\"canonical\" href=\"https:\/\/www.kungsservice.fi\/startsida\/var\/\" \/>\n<meta property=\"og:locale\" content=\"sv_SE\" \/>\n<meta property=\"og:type\" content=\"article\" \/>\n<meta property=\"og:title\" content=\"V\u00c5R -\" \/>\n<meta property=\"og:description\" content=\"V\u00e5ren \u00e4r \u00e5rstiden n\u00e4r allt vaknar till liv. Gatorna sopas rena, gr\u00e4smattan ska kalkas och g\u00f6dslas och v\u00e4xterna ska besk\u00e4ras. L\u00e5t oss ta hand om grovjobbet \u2013 s\u00e5 hinner du njuta av v\u00e4rmen och ljuset.\" \/>\n<meta property=\"og:url\" content=\"https:\/\/www.kungsservice.fi\/startsida\/var\/\" \/>\n<meta property=\"article:publisher\" content=\"https:\/\/www.facebook.com\/kungsservice\" \/>\n<meta property=\"article:modified_time\" content=\"2021-11-04T12:25:23+00:00\" \/>\n<meta property=\"og:image\" content=\"https:\/\/www.kungsservice.fi\/wp-content\/uploads\/2021\/11\/IMG-20210413-WA0003-1024x768.jpg\" \/>\n<meta name=\"twitter:card\" content=\"summary_large_image\" \/>\n<script type=\"application\/ld+json\" class=\"yoast-schema-graph\">{\"@context\":\"https:\/\/schema.org\",\"@graph\":[{\"@type\":\"WebPage\",\"@id\":\"https:\/\/www.kungsservice.fi\/startsida\/var\/\",\"url\":\"https:\/\/www.kungsservice.fi\/startsida\/var\/\",\"name\":\"V\u00c5R -\",\"isPartOf\":{\"@id\":\"https:\/\/www.kungsservice.fi\/sv_SE\/#website\"},\"datePublished\":\"2020-06-02T10:40:27+00:00\",\"dateModified\":\"2021-11-04T12:25:23+00:00\",\"breadcrumb\":{\"@id\":\"https:\/\/www.kungsservice.fi\/startsida\/var\/#breadcrumb\"},\"inLanguage\":\"sv-SE\",\"potentialAction\":[{\"@type\":\"ReadAction\",\"target\":[\"https:\/\/www.kungsservice.fi\/startsida\/var\/\"]}]},{\"@type\":\"BreadcrumbList\",\"@id\":\"https:\/\/www.kungsservice.fi\/startsida\/var\/#breadcrumb\",\"itemListElement\":[{\"@type\":\"ListItem\",\"position\":1,\"name\":\"Home\",\"item\":\"https:\/\/www.kungsservice.fi\/\"},{\"@type\":\"ListItem\",\"position\":2,\"name\":\"Startsida\",\"item\":\"https:\/\/www.kungsservice.fi\/\"},{\"@type\":\"ListItem\",\"position\":3,\"name\":\"V\u00c5R\"}]},{\"@type\":\"WebSite\",\"@id\":\"https:\/\/www.kungsservice.fi\/sv_SE\/#website\",\"url\":\"https:\/\/www.kungsservice.fi\/sv_SE\/\",\"name\":\"\",\"description\":\"\",\"publisher\":{\"@id\":\"https:\/\/www.kungsservice.fi\/sv_SE\/#organization\"},\"potentialAction\":[{\"@type\":\"SearchAction\",\"target\":{\"@type\":\"EntryPoint\",\"urlTemplate\":\"https:\/\/www.kungsservice.fi\/sv_SE\/?s={search_term_string}\"},\"query-input\":\"required name=search_term_string\"}],\"inLanguage\":\"sv-SE\"},{\"@type\":\"Organization\",\"@id\":\"https:\/\/www.kungsservice.fi\/sv_SE\/#organization\",\"name\":\"Kungs Service\",\"url\":\"https:\/\/www.kungsservice.fi\/sv_SE\/\",\"logo\":{\"@type\":\"ImageObject\",\"inLanguage\":\"sv-SE\",\"@id\":\"https:\/\/www.kungsservice.fi\/sv_SE\/#\/schema\/logo\/image\/\",\"url\":\"https:\/\/www.kungsservice.fi\/wp-content\/uploads\/2021\/03\/cropped-kungs-logo-gr\u00e5-2-3.png\",\"contentUrl\":\"https:\/\/www.kungsservice.fi\/wp-content\/uploads\/2021\/03\/cropped-kungs-logo-gr\u00e5-2-3.png\",\"width\":240,\"height\":134,\"caption\":\"Kungs Service\"},\"image\":{\"@id\":\"https:\/\/www.kungsservice.fi\/sv_SE\/#\/schema\/logo\/image\/\"},\"sameAs\":[\"https:\/\/www.facebook.com\/kungsservice\"]}]}<\/script>\n<!-- \/ Yoast SEO plugin. -->","yoast_head_json":{"title":"V\u00c5R -","robots":{"index":"index","follow":"follow","max-snippet":"max-snippet:-1","max-image-preview":"max-image-preview:large","max-video-preview":"max-video-preview:-1"},"canonical":"https:\/\/www.kungsservice.fi\/startsida\/var\/","og_locale":"sv_SE","og_type":"article","og_title":"V\u00c5R -","og_description":"V\u00e5ren \u00e4r \u00e5rstiden n\u00e4r allt vaknar till liv. Gatorna sopas rena, gr\u00e4smattan ska kalkas och g\u00f6dslas och v\u00e4xterna ska besk\u00e4ras. L\u00e5t oss ta hand om grovjobbet \u2013 s\u00e5 hinner du njuta av v\u00e4rmen och ljuset.","og_url":"https:\/\/www.kungsservice.fi\/startsida\/var\/","article_publisher":"https:\/\/www.facebook.com\/kungsservice","article_modified_time":"2021-11-04T12:25:23+00:00","og_image":[{"url":"https:\/\/www.kungsservice.fi\/wp-content\/uploads\/2021\/11\/IMG-20210413-WA0003-1024x768.jpg"}],"twitter_card":"summary_large_image","schema":{"@context":"https:\/\/schema.org","@graph":[{"@type":"WebPage","@id":"https:\/\/www.kungsservice.fi\/startsida\/var\/","url":"https:\/\/www.kungsservice.fi\/startsida\/var\/","name":"V\u00c5R -","isPartOf":{"@id":"https:\/\/www.kungsservice.fi\/sv_SE\/#website"},"datePublished":"2020-06-02T10:40:27+00:00","dateModified":"2021-11-04T12:25:23+00:00","breadcrumb":{"@id":"https:\/\/www.kungsservice.fi\/startsida\/var\/#breadcrumb"},"inLanguage":"sv-SE","potentialAction":[{"@type":"ReadAction","target":["https:\/\/www.kungsservice.fi\/startsida\/var\/"]}]},{"@type":"BreadcrumbList","@id":"https:\/\/www.kungsservice.fi\/startsida\/var\/#breadcrumb","itemListElement":[{"@type":"ListItem","position":1,"name":"Home","item":"https:\/\/www.kungsservice.fi\/"},{"@type":"ListItem","position":2,"name":"Startsida","item":"https:\/\/www.kungsservice.fi\/"},{"@type":"ListItem","position":3,"name":"V\u00c5R"}]},{"@type":"WebSite","@id":"https:\/\/www.kungsservice.fi\/sv_SE\/#website","url":"https:\/\/www.kungsservice.fi\/sv_SE\/","name":"","description":"","publisher":{"@id":"https:\/\/www.kungsservice.fi\/sv_SE\/#organization"},"potentialAction":[{"@type":"SearchAction","target":{"@type":"EntryPoint","urlTemplate":"https:\/\/www.kungsservice.fi\/sv_SE\/?s={search_term_string}"},"query-input":"required name=search_term_string"}],"inLanguage":"sv-SE"},{"@type":"Organization","@id":"https:\/\/www.kungsservice.fi\/sv_SE\/#organization","name":"Kungs Service","url":"https:\/\/www.kungsservice.fi\/sv_SE\/","logo":{"@type":"ImageObject","inLanguage":"sv-SE","@id":"https:\/\/www.kungsservice.fi\/sv_SE\/#\/schema\/logo\/image\/","url":"https:\/\/www.kungsservice.fi\/wp-content\/uploads\/2021\/03\/cropped-kungs-logo-gr\u00e5-2-3.png","contentUrl":"https:\/\/www.kungsservice.fi\/wp-content\/uploads\/2021\/03\/cropped-kungs-logo-gr\u00e5-2-3.png","width":240,"height":134,"caption":"Kungs Service"},"image":{"@id":"https:\/\/www.kungsservice.fi\/sv_SE\/#\/schema\/logo\/image\/"},"sameAs":["https:\/\/www.facebook.com\/kungsservice"]}]}},"_links":{"self":[{"href":"https:\/\/www.kungsservice.fi\/sv_SE\/wp-json\/wp\/v2\/pages\/543"}],"collection":[{"href":"https:\/\/www.kungsservice.fi\/sv_SE\/wp-json\/wp\/v2\/pages"}],"about":[{"href":"https:\/\/www.kungsservice.fi\/sv_SE\/wp-json\/wp\/v2\/types\/page"}],"author":[{"embeddable":true,"href":"https:\/\/www.kungsservice.fi\/sv_SE\/wp-json\/wp\/v2\/users\/1"}],"replies":[{"embeddable":true,"href":"https:\/\/www.kungsservice.fi\/sv_SE\/wp-json\/wp\/v2\/comments?post=543"}],"version-history":[{"count":6,"href":"https:\/\/www.kungsservice.fi\/sv_SE\/wp-json\/wp\/v2\/pages\/543\/revisions"}],"predecessor-version":[{"id":921,"href":"https:\/\/www.kungsservice.fi\/sv_SE\/wp-json\/wp\/v2\/pages\/543\/revisions\/921"}],"up":[{"embeddable":true,"href":"https:\/\/www.kungsservice.fi\/sv_SE\/wp-json\/wp\/v2\/pages\/17"}],"wp:attachment":[{"href":"https:\/\/www.kungsservice.fi\/sv_SE\/wp-json\/wp\/v2\/media?parent=543"}],"curies":[{"name":"wp","href":"https:\/\/api.w.org\/{rel}","templated":true}]}}