{"id":546,"date":"2020-06-02T13:42:58","date_gmt":"2020-06-02T10:42:58","guid":{"rendered":"https:\/\/whm18.louhi.net\/~kungsser\/?page_id=546"},"modified":"2021-12-03T13:24:16","modified_gmt":"2021-12-03T11:24:16","slug":"sommar","status":"publish","type":"page","link":"https:\/\/www.kungsservice.fi\/sv_SE\/startsida\/sommar\/","title":{"rendered":"SOMMAR"},"content":{"rendered":"<p>H\u00f6gs\u00e4songen \u00e4r \u00e4ntligen h\u00e4r! Vi hj\u00e4lper dig att f\u00f6rverkliga och ta hand om din dr\u00f6mtr\u00e4dg\u00e5rd. Vi har alla specialverktyg f\u00f6r att anl\u00e4gga och sk\u00f6ta b\u00e5de st\u00f6rre och mindre tr\u00e4dg\u00e5rdar &#038; gr\u00e4smattor, allt fr\u00e5n den privata tr\u00e4dg\u00e5rden till fotbollsplaner och golfbanor.<\/p>\n<p><img decoding=\"async\" loading=\"lazy\" src=\"https:\/\/www.kungsservice.fi\/wp-content\/uploads\/2021\/03\/116916289_738156243687398_6149545307035697819_n-1-300x300.jpg\" alt=\"\" width=\"500\" height=\"500\" class=\"aligncenter size-medium wp-image-752\" srcset=\"https:\/\/www.kungsservice.fi\/wp-content\/uploads\/2021\/03\/116916289_738156243687398_6149545307035697819_n-1-300x300.jpg 300w, https:\/\/www.kungsservice.fi\/wp-content\/uploads\/2021\/03\/116916289_738156243687398_6149545307035697819_n-1-1024x1024.jpg 1024w, https:\/\/www.kungsservice.fi\/wp-content\/uploads\/2021\/03\/116916289_738156243687398_6149545307035697819_n-1-150x150.jpg 150w, https:\/\/www.kungsservice.fi\/wp-content\/uploads\/2021\/03\/116916289_738156243687398_6149545307035697819_n-1-768x768.jpg 768w, https:\/\/www.kungsservice.fi\/wp-content\/uploads\/2021\/03\/116916289_738156243687398_6149545307035697819_n-1-1536x1536.jpg 1536w, https:\/\/www.kungsservice.fi\/wp-content\/uploads\/2021\/03\/116916289_738156243687398_6149545307035697819_n-1.jpg 2048w\" sizes=\"(max-width: 500px) 100vw, 500px\" \/><\/p>\n<p><img decoding=\"async\" loading=\"lazy\" src=\"https:\/\/www.kungsservice.fi\/wp-content\/uploads\/2021\/12\/IMG-20210601-WA0010-576x1024.jpg\" alt=\"\" width=\"576\" height=\"1024\" class=\"aligncenter size-large wp-image-941\" srcset=\"https:\/\/www.kungsservice.fi\/wp-content\/uploads\/2021\/12\/IMG-20210601-WA0010-576x1024.jpg 576w, https:\/\/www.kungsservice.fi\/wp-content\/uploads\/2021\/12\/IMG-20210601-WA0010-169x300.jpg 169w, https:\/\/www.kungsservice.fi\/wp-content\/uploads\/2021\/12\/IMG-20210601-WA0010-768x1366.jpg 768w, https:\/\/www.kungsservice.fi\/wp-content\/uploads\/2021\/12\/IMG-20210601-WA0010-864x1536.jpg 864w, https:\/\/www.kungsservice.fi\/wp-content\/uploads\/2021\/12\/IMG-20210601-WA0010.jpg 899w\" sizes=\"(max-width: 576px) 100vw, 576px\" \/><\/p>\n<p><img decoding=\"async\" loading=\"lazy\" src=\"https:\/\/www.kungsservice.fi\/wp-content\/uploads\/2021\/10\/IMG-20210616-WA0008-576x1024.jpg\" alt=\"\" width=\"576\" height=\"1024\" class=\"aligncenter size-large wp-image-902\" srcset=\"https:\/\/www.kungsservice.fi\/wp-content\/uploads\/2021\/10\/IMG-20210616-WA0008-576x1024.jpg 576w, https:\/\/www.kungsservice.fi\/wp-content\/uploads\/2021\/10\/IMG-20210616-WA0008-169x300.jpg 169w, https:\/\/www.kungsservice.fi\/wp-content\/uploads\/2021\/10\/IMG-20210616-WA0008-768x1365.jpg 768w, https:\/\/www.kungsservice.fi\/wp-content\/uploads\/2021\/10\/IMG-20210616-WA0008-864x1536.jpg 864w, https:\/\/www.kungsservice.fi\/wp-content\/uploads\/2021\/10\/IMG-20210616-WA0008.jpg 900w\" sizes=\"(max-width: 576px) 100vw, 576px\" \/><\/p>\n","protected":false},"excerpt":{"rendered":"<p>H\u00f6gs\u00e4songen \u00e4r \u00e4ntligen h\u00e4r! Vi hj\u00e4lper dig att f\u00f6rverkliga och ta hand om din dr\u00f6mtr\u00e4dg\u00e5rd. Vi har alla specialverktyg f\u00f6r att anl\u00e4gga och sk\u00f6ta b\u00e5de st\u00f6rre och mindre tr\u00e4dg\u00e5rdar &#038; gr\u00e4smattor, allt fr\u00e5n den privata tr\u00e4dg\u00e5rden till fotbollsplaner och&#8230;<\/p>\n","protected":false},"author":1,"featured_media":0,"parent":17,"menu_order":1,"comment_status":"closed","ping_status":"closed","template":"","meta":[],"yoast_head":"<!-- This site is optimized with the Yoast SEO plugin v19.9 - https:\/\/yoast.com\/wordpress\/plugins\/seo\/ -->\n<title>SOMMAR -<\/title>\n<meta name=\"robots\" content=\"index, follow, max-snippet:-1, max-image-preview:large, max-video-preview:-1\" \/>\n<link rel=\"canonical\" href=\"https:\/\/www.kungsservice.fi\/startsida\/sommar\/\" \/>\n<meta property=\"og:locale\" content=\"sv_SE\" \/>\n<meta property=\"og:type\" content=\"article\" \/>\n<meta property=\"og:title\" content=\"SOMMAR -\" \/>\n<meta property=\"og:description\" content=\"H\u00f6gs\u00e4songen \u00e4r \u00e4ntligen h\u00e4r! Vi hj\u00e4lper dig att f\u00f6rverkliga och ta hand om din dr\u00f6mtr\u00e4dg\u00e5rd. Vi har alla specialverktyg f\u00f6r att anl\u00e4gga och sk\u00f6ta b\u00e5de st\u00f6rre och mindre tr\u00e4dg\u00e5rdar &amp; gr\u00e4smattor, allt fr\u00e5n den privata tr\u00e4dg\u00e5rden till fotbollsplaner och...\" \/>\n<meta property=\"og:url\" content=\"https:\/\/www.kungsservice.fi\/startsida\/sommar\/\" \/>\n<meta property=\"article:publisher\" content=\"https:\/\/www.facebook.com\/kungsservice\" \/>\n<meta property=\"article:modified_time\" content=\"2021-12-03T11:24:16+00:00\" \/>\n<meta property=\"og:image\" content=\"https:\/\/www.kungsservice.fi\/wp-content\/uploads\/2021\/03\/116916289_738156243687398_6149545307035697819_n-1-300x300.jpg\" \/>\n<meta name=\"twitter:card\" content=\"summary_large_image\" \/>\n<script type=\"application\/ld+json\" class=\"yoast-schema-graph\">{\"@context\":\"https:\/\/schema.org\",\"@graph\":[{\"@type\":\"WebPage\",\"@id\":\"https:\/\/www.kungsservice.fi\/startsida\/sommar\/\",\"url\":\"https:\/\/www.kungsservice.fi\/startsida\/sommar\/\",\"name\":\"SOMMAR -\",\"isPartOf\":{\"@id\":\"https:\/\/www.kungsservice.fi\/sv_SE\/#website\"},\"datePublished\":\"2020-06-02T10:42:58+00:00\",\"dateModified\":\"2021-12-03T11:24:16+00:00\",\"breadcrumb\":{\"@id\":\"https:\/\/www.kungsservice.fi\/startsida\/sommar\/#breadcrumb\"},\"inLanguage\":\"sv-SE\",\"potentialAction\":[{\"@type\":\"ReadAction\",\"target\":[\"https:\/\/www.kungsservice.fi\/startsida\/sommar\/\"]}]},{\"@type\":\"BreadcrumbList\",\"@id\":\"https:\/\/www.kungsservice.fi\/startsida\/sommar\/#breadcrumb\",\"itemListElement\":[{\"@type\":\"ListItem\",\"position\":1,\"name\":\"Home\",\"item\":\"https:\/\/www.kungsservice.fi\/\"},{\"@type\":\"ListItem\",\"position\":2,\"name\":\"Startsida\",\"item\":\"https:\/\/www.kungsservice.fi\/\"},{\"@type\":\"ListItem\",\"position\":3,\"name\":\"SOMMAR\"}]},{\"@type\":\"WebSite\",\"@id\":\"https:\/\/www.kungsservice.fi\/sv_SE\/#website\",\"url\":\"https:\/\/www.kungsservice.fi\/sv_SE\/\",\"name\":\"\",\"description\":\"\",\"publisher\":{\"@id\":\"https:\/\/www.kungsservice.fi\/sv_SE\/#organization\"},\"potentialAction\":[{\"@type\":\"SearchAction\",\"target\":{\"@type\":\"EntryPoint\",\"urlTemplate\":\"https:\/\/www.kungsservice.fi\/sv_SE\/?s={search_term_string}\"},\"query-input\":\"required name=search_term_string\"}],\"inLanguage\":\"sv-SE\"},{\"@type\":\"Organization\",\"@id\":\"https:\/\/www.kungsservice.fi\/sv_SE\/#organization\",\"name\":\"Kungs Service\",\"url\":\"https:\/\/www.kungsservice.fi\/sv_SE\/\",\"logo\":{\"@type\":\"ImageObject\",\"inLanguage\":\"sv-SE\",\"@id\":\"https:\/\/www.kungsservice.fi\/sv_SE\/#\/schema\/logo\/image\/\",\"url\":\"https:\/\/www.kungsservice.fi\/wp-content\/uploads\/2021\/03\/cropped-kungs-logo-gr\u00e5-2-3.png\",\"contentUrl\":\"https:\/\/www.kungsservice.fi\/wp-content\/uploads\/2021\/03\/cropped-kungs-logo-gr\u00e5-2-3.png\",\"width\":240,\"height\":134,\"caption\":\"Kungs Service\"},\"image\":{\"@id\":\"https:\/\/www.kungsservice.fi\/sv_SE\/#\/schema\/logo\/image\/\"},\"sameAs\":[\"https:\/\/www.facebook.com\/kungsservice\"]}]}<\/script>\n<!-- \/ Yoast SEO plugin. -->","yoast_head_json":{"title":"SOMMAR -","robots":{"index":"index","follow":"follow","max-snippet":"max-snippet:-1","max-image-preview":"max-image-preview:large","max-video-preview":"max-video-preview:-1"},"canonical":"https:\/\/www.kungsservice.fi\/startsida\/sommar\/","og_locale":"sv_SE","og_type":"article","og_title":"SOMMAR -","og_description":"H\u00f6gs\u00e4songen \u00e4r \u00e4ntligen h\u00e4r! Vi hj\u00e4lper dig att f\u00f6rverkliga och ta hand om din dr\u00f6mtr\u00e4dg\u00e5rd. Vi har alla specialverktyg f\u00f6r att anl\u00e4gga och sk\u00f6ta b\u00e5de st\u00f6rre och mindre tr\u00e4dg\u00e5rdar & gr\u00e4smattor, allt fr\u00e5n den privata tr\u00e4dg\u00e5rden till fotbollsplaner och...","og_url":"https:\/\/www.kungsservice.fi\/startsida\/sommar\/","article_publisher":"https:\/\/www.facebook.com\/kungsservice","article_modified_time":"2021-12-03T11:24:16+00:00","og_image":[{"url":"https:\/\/www.kungsservice.fi\/wp-content\/uploads\/2021\/03\/116916289_738156243687398_6149545307035697819_n-1-300x300.jpg"}],"twitter_card":"summary_large_image","schema":{"@context":"https:\/\/schema.org","@graph":[{"@type":"WebPage","@id":"https:\/\/www.kungsservice.fi\/startsida\/sommar\/","url":"https:\/\/www.kungsservice.fi\/startsida\/sommar\/","name":"SOMMAR -","isPartOf":{"@id":"https:\/\/www.kungsservice.fi\/sv_SE\/#website"},"datePublished":"2020-06-02T10:42:58+00:00","dateModified":"2021-12-03T11:24:16+00:00","breadcrumb":{"@id":"https:\/\/www.kungsservice.fi\/startsida\/sommar\/#breadcrumb"},"inLanguage":"sv-SE","potentialAction":[{"@type":"ReadAction","target":["https:\/\/www.kungsservice.fi\/startsida\/sommar\/"]}]},{"@type":"BreadcrumbList","@id":"https:\/\/www.kungsservice.fi\/startsida\/sommar\/#breadcrumb","itemListElement":[{"@type":"ListItem","position":1,"name":"Home","item":"https:\/\/www.kungsservice.fi\/"},{"@type":"ListItem","position":2,"name":"Startsida","item":"https:\/\/www.kungsservice.fi\/"},{"@type":"ListItem","position":3,"name":"SOMMAR"}]},{"@type":"WebSite","@id":"https:\/\/www.kungsservice.fi\/sv_SE\/#website","url":"https:\/\/www.kungsservice.fi\/sv_SE\/","name":"","description":"","publisher":{"@id":"https:\/\/www.kungsservice.fi\/sv_SE\/#organization"},"potentialAction":[{"@type":"SearchAction","target":{"@type":"EntryPoint","urlTemplate":"https:\/\/www.kungsservice.fi\/sv_SE\/?s={search_term_string}"},"query-input":"required name=search_term_string"}],"inLanguage":"sv-SE"},{"@type":"Organization","@id":"https:\/\/www.kungsservice.fi\/sv_SE\/#organization","name":"Kungs Service","url":"https:\/\/www.kungsservice.fi\/sv_SE\/","logo":{"@type":"ImageObject","inLanguage":"sv-SE","@id":"https:\/\/www.kungsservice.fi\/sv_SE\/#\/schema\/logo\/image\/","url":"https:\/\/www.kungsservice.fi\/wp-content\/uploads\/2021\/03\/cropped-kungs-logo-gr\u00e5-2-3.png","contentUrl":"https:\/\/www.kungsservice.fi\/wp-content\/uploads\/2021\/03\/cropped-kungs-logo-gr\u00e5-2-3.png","width":240,"height":134,"caption":"Kungs Service"},"image":{"@id":"https:\/\/www.kungsservice.fi\/sv_SE\/#\/schema\/logo\/image\/"},"sameAs":["https:\/\/www.facebook.com\/kungsservice"]}]}},"_links":{"self":[{"href":"https:\/\/www.kungsservice.fi\/sv_SE\/wp-json\/wp\/v2\/pages\/546"}],"collection":[{"href":"https:\/\/www.kungsservice.fi\/sv_SE\/wp-json\/wp\/v2\/pages"}],"about":[{"href":"https:\/\/www.kungsservice.fi\/sv_SE\/wp-json\/wp\/v2\/types\/page"}],"author":[{"embeddable":true,"href":"https:\/\/www.kungsservice.fi\/sv_SE\/wp-json\/wp\/v2\/users\/1"}],"replies":[{"embeddable":true,"href":"https:\/\/www.kungsservice.fi\/sv_SE\/wp-json\/wp\/v2\/comments?post=546"}],"version-history":[{"count":11,"href":"https:\/\/www.kungsservice.fi\/sv_SE\/wp-json\/wp\/v2\/pages\/546\/revisions"}],"predecessor-version":[{"id":777,"href":"https:\/\/www.kungsservice.fi\/sv_SE\/wp-json\/wp\/v2\/pages\/546\/revisions\/777"}],"up":[{"embeddable":true,"href":"https:\/\/www.kungsservice.fi\/sv_SE\/wp-json\/wp\/v2\/pages\/17"}],"wp:attachment":[{"href":"https:\/\/www.kungsservice.fi\/sv_SE\/wp-json\/wp\/v2\/media?parent=546"}],"curies":[{"name":"wp","href":"https:\/\/api.w.org\/{rel}","templated":true}]}}